{"id":74,"date":"2015-11-05T10:47:18","date_gmt":"2015-11-05T10:47:18","guid":{"rendered":"http:\/\/www.am-puls.ch\/wordpress\/?page_id=74"},"modified":"2024-09-30T12:17:52","modified_gmt":"2024-09-30T12:17:52","slug":"links","status":"publish","type":"page","link":"https:\/\/am-puls.ch\/index.php\/links\/","title":{"rendered":"Links"},"content":{"rendered":"<h1>Links<\/h1>\n<ol>\n<li><a href=\"http:\/\/www.shi.ch\" target=\"_blank\" rel=\"noopener\">SHI Haus der Hom\u00f6opathie<\/a><\/li>\n<li><a href=\"http:\/\/www.hfnh.ch\" target=\"_blank\" rel=\"noopener\">H\u00f6here Fachschule f\u00fcr Naturheilverfahren und Hom\u00f6opathie (hfnh)<\/a><\/li>\n<\/ol>\n","protected":false},"excerpt":{"rendered":"<p>Links SHI Haus der Hom\u00f6opathie H\u00f6here Fachschule f\u00fcr Naturheilverfahren und Hom\u00f6opathie (hfnh)<\/p>\n","protected":false},"author":1,"featured_media":0,"parent":0,"menu_order":13,"comment_status":"closed","ping_status":"closed","template":"","meta":{"footnotes":""},"class_list":["post-74","page","type-page","status-publish","hentry"],"_links":{"self":[{"href":"https:\/\/am-puls.ch\/index.php\/wp-json\/wp\/v2\/pages\/74","targetHints":{"allow":["GET"]}}],"collection":[{"href":"https:\/\/am-puls.ch\/index.php\/wp-json\/wp\/v2\/pages"}],"about":[{"href":"https:\/\/am-puls.ch\/index.php\/wp-json\/wp\/v2\/types\/page"}],"author":[{"embeddable":true,"href":"https:\/\/am-puls.ch\/index.php\/wp-json\/wp\/v2\/users\/1"}],"replies":[{"embeddable":true,"href":"https:\/\/am-puls.ch\/index.php\/wp-json\/wp\/v2\/comments?post=74"}],"version-history":[{"count":1,"href":"https:\/\/am-puls.ch\/index.php\/wp-json\/wp\/v2\/pages\/74\/revisions"}],"predecessor-version":[{"id":1663,"href":"https:\/\/am-puls.ch\/index.php\/wp-json\/wp\/v2\/pages\/74\/revisions\/1663"}],"wp:attachment":[{"href":"https:\/\/am-puls.ch\/index.php\/wp-json\/wp\/v2\/media?parent=74"}],"curies":[{"name":"wp","href":"https:\/\/api.w.org\/{rel}","templated":true}]}}