{"id":63,"date":"2015-11-05T10:40:04","date_gmt":"2015-11-05T10:40:04","guid":{"rendered":"http:\/\/www.am-puls.ch\/wordpress\/?page_id=63"},"modified":"2024-10-07T11:43:24","modified_gmt":"2024-10-07T11:43:24","slug":"kontakt","status":"publish","type":"page","link":"https:\/\/am-puls.ch\/index.php\/kontakt\/","title":{"rendered":"Wegbeschreibung"},"content":{"rendered":"<h1>Kontakt<\/h1>\n<p>am puls \u2013 Hom\u00f6opathische Praxis<br \/>\nTelefon +41 52 203 52 52<br \/>\n<a href=\"mailto:info@am-puls.ch\">info@am-puls.ch<\/a><\/p>\n<h2>Wegbeschreibung<\/h2>\n<h3><b>Praxis Winterthur<br \/>\n<\/b><strong>Wartstrasse 19, 8400 Winterthur<\/strong><\/h3>\n<p>Die Praxis liegt ca. 100 m vom Hauptbahnhof Winterthur entfernt an der Wartstrasse 19. \u00d6ffentliche Parkpl\u00e4tze stehen an der Wartstrasse selber oder auf dem Dach (P&amp;R) des Hauptbahnhofs zur Verf\u00fcgung.<\/p>\n<h3><strong><b>Praxis<\/b> Andel\ufb01ngen<br \/>\nObermu\u0308hlestrasse 5, 8450 Andelfingen<\/strong><\/h3>\n<p>Die Praxis liegt im Dorfkern von Andel\ufb01ngen an der Oberm\u00fchlestrasse 5 im Hinterhof der Apotheke. Vom Bahnhof Andel\ufb01ngen ist die Praxis in drei Minuten zu Fuss erreichbar. Auf dem Dorfplatz stehen gen\u00fcgend \u00f6ffentliche Parkpl\u00e4tze zur Verf\u00fcgung.<\/p>\n<div id=\"wpgmza_map\" class=\"wpgmza_map\" data-settings='{\"id\":\"1\",\"map_title\":\"My first map\",\"map_width\":\"100\",\"map_height\":\"400\",\"map_start_lat\":\"47.550362232291064\",\"map_start_lng\":\"8.727098027948642\",\"map_start_location\":\"47.56034061595662,8.708779362792916\",\"map_start_zoom\":\"11\",\"default_marker\":\"0\",\"type\":\"1\",\"alignment\":\"1\",\"directions_enabled\":\"1\",\"styling_enabled\":\"0\",\"styling_json\":\"\",\"active\":\"0\",\"kml\":\"\",\"bicycle\":\"0\",\"traffic\":\"0\",\"dbox\":\"1\",\"dbox_width\":\"250\",\"listmarkers\":\"0\",\"listmarkers_advanced\":\"0\",\"filterbycat\":\"0\",\"ugm_enabled\":\"0\",\"ugm_category_enabled\":\"0\",\"fusion\":\"\",\"map_width_type\":\"%\",\"map_height_type\":\"px\",\"mass_marker_support\":\"1\",\"ugm_access\":\"0\",\"order_markers_by\":\"0\",\"order_markers_choice\":\"0\",\"show_user_location\":\"0\",\"default_to\":\"\",\"other_settings\":{\"store_locator_enabled\":false,\"store_locator_distance\":true,\"store_locator_bounce\":1,\"store_locator_query_string\":\"\",\"wpgmza_store_locator_restrict\":\"\",\"map_max_zoom\":\"1\",\"transport_layer\":false,\"wpgmza_theme_data\":\"\",\"action\":\"wpgmza_save_map\",\"redirect_to\":\"\\\/wp-admin\\\/admin-post.php\",\"map_id\":\"1\",\"http_referer\":\"\\\/wp-admin\\\/admin.php?page=wp-google-maps-menu&amp;amp;action=edit&amp;amp;map_id=1\",\"wpgmza_id\":\"1\",\"wpgmza_start_location\":\"47.550362232291064,8.727098027948642\",\"wpgmza_start_zoom\":\"11\",\"store_locator_search_area\":\"radial\",\"wpgmza_store_locator_radius_style\":\"legacy\",\"wpgmza_store_locator_default_radius\":\"10\",\"store_locator_auto_area_max_zoom\":\"\",\"wpgmza_store_locator_position\":false,\"store_locator_show_distance\":false,\"store_locator_category\":false,\"wpgmza_store_locator_use_their_location\":false,\"wpgmza_store_locator_bounce\":false,\"wpgmza_sl_animation\":null,\"wpgmza_store_locator_hide_before_search\":false,\"store_locator_location_placeholder\":\"\",\"store_locator_default_address\":\"\",\"store_locator_name_search\":false,\"store_locator_name_string\":\"\",\"store_locator_not_found_message\":\"\",\"sl_stroke_color\":\"\",\"sl_stroke_opacity\":\"\",\"sl_fill_color\":\"\",\"sl_fill_opacity\":\"\",\"wpgmza_map_align\":\"1\",\"jump_to_nearest_marker_on_initialization\":false,\"automatically_pan_to_users_location\":false,\"override_users_location_zoom_level\":false,\"override_users_location_zoom_levels\":\"\",\"show_distance_from_location\":false,\"map_min_zoom\":\"0\",\"click_open_link\":false,\"fit_maps_bounds_to_markers\":false,\"fit_maps_bounds_to_markers_after_filtering\":false,\"hide_point_of_interest\":false,\"wpgmza_zoom_on_marker_click\":false,\"wpgmza_zoom_on_marker_click_slider\":\"\",\"close_infowindow_on_map_click\":false,\"disable_lightbox_images\":false,\"use_Raw_Jpeg_Coordinates\":false,\"disable_polygon_info_windows\":false,\"enable_marker_ratings\":false,\"only_load_markers_within_viewport\":false,\"zoom_level_mobile_override_enabled\":false,\"zoom_level_mobile_override\":\"\",\"iw_primary_color\":\"#000000\",\"iw_accent_color\":\"#000000\",\"iw_text_color\":\"#000000\",\"wpgmza_listmarkers_by\":\"0\",\"wpgmza_marker_listing_position\":false,\"zoom_level_on_marker_listing_override\":false,\"zoom_level_on_marker_listing_click\":\"\",\"marker_listing_disable_zoom\":false,\"datatable_no_result_message\":\"\",\"remove_search_box_datables\":false,\"dataTable_pagination_style\":null,\"datatable_search_string\":\"\",\"datatable_result_start\":\"\",\"datatable_result_of\":\"\",\"datatable_result_to\":\"\",\"datatable_result_total\":\"\",\"datatable_result_show\":\"\",\"datatable_result_entries\":\"\",\"wpgmza_savemap\":\"Karte speichern \\u00bb\"}}' data-map-id='1' Data-maps-engine='open-layers' data-shortcode-attributes='{\"id\":\"1\"}' style=\"display:block; overflow:auto; width:100%; height:400px; float:left;\"><\/div>\n","protected":false},"excerpt":{"rendered":"<p>Kontakt am puls \u2013 Hom\u00f6opathische Praxis Telefon +41 52 203 52 52 info@am-puls.ch Wegbeschreibung Praxis Winterthur Wartstrasse 19, 8400 Winterthur Die Praxis liegt ca. 100 m vom Hauptbahnhof Winterthur entfernt an der Wartstrasse 19. \u00d6ffentliche Parkpl\u00e4tze stehen an der Wartstrasse selber oder auf dem Dach (P&amp;R) des Hauptbahnhofs zur Verf\u00fcgung. Praxis Andel\ufb01ngen Obermu\u0308hlestrasse 5, 8450 &hellip; <a href=\"https:\/\/am-puls.ch\/index.php\/kontakt\/\" class=\"more-link\"><span class=\"screen-reader-text\">Wegbeschreibung<\/span> weiterlesen <span class=\"meta-nav\">&rarr;<\/span><\/a><\/p>\n","protected":false},"author":1,"featured_media":0,"parent":0,"menu_order":11,"comment_status":"closed","ping_status":"closed","template":"","meta":{"footnotes":""},"class_list":["post-63","page","type-page","status-publish","hentry"],"_links":{"self":[{"href":"https:\/\/am-puls.ch\/index.php\/wp-json\/wp\/v2\/pages\/63","targetHints":{"allow":["GET"]}}],"collection":[{"href":"https:\/\/am-puls.ch\/index.php\/wp-json\/wp\/v2\/pages"}],"about":[{"href":"https:\/\/am-puls.ch\/index.php\/wp-json\/wp\/v2\/types\/page"}],"author":[{"embeddable":true,"href":"https:\/\/am-puls.ch\/index.php\/wp-json\/wp\/v2\/users\/1"}],"replies":[{"embeddable":true,"href":"https:\/\/am-puls.ch\/index.php\/wp-json\/wp\/v2\/comments?post=63"}],"version-history":[{"count":2,"href":"https:\/\/am-puls.ch\/index.php\/wp-json\/wp\/v2\/pages\/63\/revisions"}],"predecessor-version":[{"id":1768,"href":"https:\/\/am-puls.ch\/index.php\/wp-json\/wp\/v2\/pages\/63\/revisions\/1768"}],"wp:attachment":[{"href":"https:\/\/am-puls.ch\/index.php\/wp-json\/wp\/v2\/media?parent=63"}],"curies":[{"name":"wp","href":"https:\/\/api.w.org\/{rel}","templated":true}]}}