{"id":61,"date":"2015-11-05T10:39:46","date_gmt":"2015-11-05T10:39:46","guid":{"rendered":"http:\/\/www.am-puls.ch\/wordpress\/?page_id=61"},"modified":"2024-09-30T12:03:26","modified_gmt":"2024-09-30T12:03:26","slug":"kostenuebernahme","status":"publish","type":"page","link":"https:\/\/am-puls.ch\/index.php\/kostenuebernahme\/","title":{"rendered":"Kosten\u00fcbernahme"},"content":{"rendered":"<h1>Kosten &amp; Krankenkasse &#8211; Kosten\u00fcbernahme<\/h1>\n<h2><b>Krankenkassenabrechnung<\/b><\/h2>\n<p>Mit einer Zusatzversicherung f\u00fcr alternative Heilmethoden werden die Behandlungskosten (ca. 80%) von den meisten Krankenkassen \u00fcbernommen.<\/p>\n<p>Meine Leistungen sind von allen wichtigen Institutionen zur Anerkennung von Therapeuten g\u00fcltig registriert. Folgende Einrichtungen haben meine Leistungen anerkannt:<\/p>\n<ol>\n<li><a href=\"https:\/\/emr.ch\/therapeut\/ruth.hunziker.meyer\/\">EMR<\/a> (Erfahrung Medizinisches Register)<\/li>\n<li>ASCA (Stiftung zur Anerkennung und Entwicklung der Alternativ- und Komplement\u00e4rmedizin)<\/li>\n<li>EGK<\/li>\n<li>Visana<\/li>\n<\/ol>\n<p>Bei Unsicherheiten erkundigen Sie sich bitte bei Ihrer Krankenkasse, wie bei Ihnen die hom\u00f6opathische Behandlung verg\u00fctet wird.<\/p>\n<h2><b>Behandlungskosten<\/b><\/h2>\n<ul>\n<li>Stundenansatz CHF 150.-.<\/li>\n<li>Telefonische Beratungen werden zum gleichen Tarif verrechnet.<\/li>\n<\/ul>\n<h2><b>Notfallzuschlag<\/b><\/h2>\n<p>Ausserhalb der Sprechstunden, das heisst an Wochenenden sowie werktags von 18.00 &#8211; 08.00 Uhr, verrechne ich einen Notfallzuschlag von pauschal CHF 25.-<\/p>\n","protected":false},"excerpt":{"rendered":"<p>Kosten &amp; Krankenkasse &#8211; Kosten\u00fcbernahme Krankenkassenabrechnung Mit einer Zusatzversicherung f\u00fcr alternative Heilmethoden werden die Behandlungskosten (ca. 80%) von den meisten Krankenkassen \u00fcbernommen. Meine Leistungen sind von allen wichtigen Institutionen zur Anerkennung von Therapeuten g\u00fcltig registriert. Folgende Einrichtungen haben meine Leistungen anerkannt: EMR (Erfahrung Medizinisches Register) ASCA (Stiftung zur Anerkennung und Entwicklung der Alternativ- und Komplement\u00e4rmedizin) &hellip; <a href=\"https:\/\/am-puls.ch\/index.php\/kostenuebernahme\/\" class=\"more-link\"><span class=\"screen-reader-text\">Kosten\u00fcbernahme<\/span> weiterlesen <span class=\"meta-nav\">&rarr;<\/span><\/a><\/p>\n","protected":false},"author":1,"featured_media":0,"parent":0,"menu_order":11,"comment_status":"closed","ping_status":"closed","template":"","meta":{"footnotes":""},"class_list":["post-61","page","type-page","status-publish","hentry"],"_links":{"self":[{"href":"https:\/\/am-puls.ch\/index.php\/wp-json\/wp\/v2\/pages\/61","targetHints":{"allow":["GET"]}}],"collection":[{"href":"https:\/\/am-puls.ch\/index.php\/wp-json\/wp\/v2\/pages"}],"about":[{"href":"https:\/\/am-puls.ch\/index.php\/wp-json\/wp\/v2\/types\/page"}],"author":[{"embeddable":true,"href":"https:\/\/am-puls.ch\/index.php\/wp-json\/wp\/v2\/users\/1"}],"replies":[{"embeddable":true,"href":"https:\/\/am-puls.ch\/index.php\/wp-json\/wp\/v2\/comments?post=61"}],"version-history":[{"count":5,"href":"https:\/\/am-puls.ch\/index.php\/wp-json\/wp\/v2\/pages\/61\/revisions"}],"predecessor-version":[{"id":1661,"href":"https:\/\/am-puls.ch\/index.php\/wp-json\/wp\/v2\/pages\/61\/revisions\/1661"}],"wp:attachment":[{"href":"https:\/\/am-puls.ch\/index.php\/wp-json\/wp\/v2\/media?parent=61"}],"curies":[{"name":"wp","href":"https:\/\/api.w.org\/{rel}","templated":true}]}}