{"id":59,"date":"2015-11-05T10:37:31","date_gmt":"2015-11-05T10:37:31","guid":{"rendered":"http:\/\/www.am-puls.ch\/wordpress\/?page_id=59"},"modified":"2024-09-30T12:06:46","modified_gmt":"2024-09-30T12:06:46","slug":"zu-meiner-person","status":"publish","type":"page","link":"https:\/\/am-puls.ch\/index.php\/zu-meiner-person\/","title":{"rendered":"Zu meiner Person"},"content":{"rendered":"\n<p><\/p>\n\n\n<h1>Zu meiner Person<\/h1>\n<p><img loading=\"lazy\" decoding=\"async\" class=\"size-medium wp-image-910 alignright\" src=\"https:\/\/am-puls.ch\/wp-content\/uploads\/2015\/11\/ruth_hunziker_hg-300x201.jpg\" alt=\"\" width=\"300\" height=\"201\" srcset=\"https:\/\/am-puls.ch\/wp-content\/uploads\/2015\/11\/ruth_hunziker_hg-300x201.jpg 300w, https:\/\/am-puls.ch\/wp-content\/uploads\/2015\/11\/ruth_hunziker_hg.jpg 500w\" sizes=\"auto, (max-width: 300px) 100vw, 300px\" \/><\/p>\n<p>Ruth Meyer (Hunziker)<br \/>dipl. Hom\u00f6opathin hfnh SHI<br \/>Geboren 1964<\/p>\n<p>\u00a0<\/p>\n<table style=\"height: 866px;\" width=\"602\">\n<tbody>\n<tr>\n<td>1984\u20131989<\/td>\n<td>Biologiestudium an der Universit\u00e4t Z\u00fcrich mit Abschluss an der philosophischen Fakult\u00e4t II als dipl. Botanikerin<\/td>\n<\/tr>\n<tr>\n<td>1989\u20131993<\/td>\n<td>Projektbearbeitung im Bereich Umwelt\/Naturschutz<\/td>\n<\/tr>\n<tr>\n<td>1993\u20132003<\/td>\n<td>Betreuung meiner vier Kinder, F\u00fchrung des Haushaltes und Freiwilligenarbeit in der Gemeinde (Naturschutzverein, Pr\u00e4sidium des Elterntreffs)<\/td>\n<\/tr>\n<tr>\n<td>2003\u20132009<\/td>\n<td>Vollzeitausbildung an der SHI Hom\u00f6opathieschule in Zug unter der Leitung von Mohinder Singh Jus<\/td>\n<\/tr>\n<tr>\n<td>2009<\/td>\n<td>Abschluss als dipl. Hom\u00f6opathin hfnh (h\u00f6here Fachschule f\u00fcr Naturheilverfahren und Hom\u00f6opathie) SHI, Auszeichnung mit dem Dr. B.K. Bose Preis (Einmalige Auszeichnung pro Abschlussklasse f\u00fcr ausserordentliche Leistung)<\/td>\n<\/tr>\n<tr>\n<td>2009<\/td>\n<td>Praktische Arbeit in Afrika am Eva Demaya Center in Malawi<\/td>\n<\/tr>\n<tr>\n<td>seit 2009<\/td>\n<td><strong>Hom\u00f6opathische Praxis in Winterthur und Andelfingen<\/strong><\/td>\n<\/tr>\n<tr>\n<td>seit 2009<\/td>\n<td>Regelm\u00e4ssige Weiterbildung und Supervisionen an der SHI<br \/>Zug unter Leitung von Mohinder Singh Jus<\/td>\n<\/tr>\n<tr>\n<td>2008 und 2011<\/td>\n<td>Praktische Weiterbildung in Indien am Shri Kamaxidevi Homoeopathic Medical College &amp; Hospital unter der Leitung von Mohinder Singh Jus<\/td>\n<\/tr>\n<tr>\n<td>2012\u20132013<\/td>\n<td>Teilzeitpensum als Hom\u00f6opathin an der SHI Hom\u00f6opathischen Praxis<\/td>\n<\/tr>\n<tr>\n<td>seit 2014<\/td>\n<td>Regelm\u00e4ssige Weiterbildung und Supervisionen\u00a0in Predictive Homoeopathy<\/td>\n<\/tr>\n<tr>\n<td>2015<\/td>\n<td>Praktische Weiterbildung in Indien, Mumbai, bei Dr. Prafull Vijayakar\u00a0in Predictive Homoeopathy<\/td>\n<\/tr>\n<tr>\n<td>2017<\/td>\n<td>Zertifizierung als Mentorin der Fachrichtung Hom\u00f6opathie durch die OdA AM<\/td>\n<\/tr>\n<tr>\n<td>2018<\/td>\n<td>Co-Pr\u00e4sidium des CoC (Connection Club), Alumni-Verein der SHI<\/td>\n<\/tr>\n<tr>\n<td>2019<\/td>\n<td>Pr\u00fcfungsexpertin des Moduls M2 f\u00fcr die Fachausbildung in Hom\u00f6opathie<\/td>\n<\/tr>\n<\/tbody>\n<\/table>","protected":false},"excerpt":{"rendered":"<p>Zu meiner Person Ruth Meyer (Hunziker)dipl. Hom\u00f6opathin hfnh SHIGeboren 1964 \u00a0 1984\u20131989 Biologiestudium an der Universit\u00e4t Z\u00fcrich mit Abschluss an der philosophischen Fakult\u00e4t II als dipl. Botanikerin 1989\u20131993 Projektbearbeitung im Bereich Umwelt\/Naturschutz 1993\u20132003 Betreuung meiner vier Kinder, F\u00fchrung des Haushaltes und Freiwilligenarbeit in der Gemeinde (Naturschutzverein, Pr\u00e4sidium des Elterntreffs) 2003\u20132009 Vollzeitausbildung an der SHI Hom\u00f6opathieschule &hellip; <a href=\"https:\/\/am-puls.ch\/index.php\/zu-meiner-person\/\" class=\"more-link\"><span class=\"screen-reader-text\">Zu meiner Person<\/span> weiterlesen <span class=\"meta-nav\">&rarr;<\/span><\/a><\/p>\n","protected":false},"author":1,"featured_media":0,"parent":0,"menu_order":10,"comment_status":"closed","ping_status":"closed","template":"","meta":{"footnotes":""},"class_list":["post-59","page","type-page","status-publish","hentry"],"_links":{"self":[{"href":"https:\/\/am-puls.ch\/index.php\/wp-json\/wp\/v2\/pages\/59","targetHints":{"allow":["GET"]}}],"collection":[{"href":"https:\/\/am-puls.ch\/index.php\/wp-json\/wp\/v2\/pages"}],"about":[{"href":"https:\/\/am-puls.ch\/index.php\/wp-json\/wp\/v2\/types\/page"}],"author":[{"embeddable":true,"href":"https:\/\/am-puls.ch\/index.php\/wp-json\/wp\/v2\/users\/1"}],"replies":[{"embeddable":true,"href":"https:\/\/am-puls.ch\/index.php\/wp-json\/wp\/v2\/comments?post=59"}],"version-history":[{"count":10,"href":"https:\/\/am-puls.ch\/index.php\/wp-json\/wp\/v2\/pages\/59\/revisions"}],"predecessor-version":[{"id":1662,"href":"https:\/\/am-puls.ch\/index.php\/wp-json\/wp\/v2\/pages\/59\/revisions\/1662"}],"wp:attachment":[{"href":"https:\/\/am-puls.ch\/index.php\/wp-json\/wp\/v2\/media?parent=59"}],"curies":[{"name":"wp","href":"https:\/\/api.w.org\/{rel}","templated":true}]}}