{"id":50,"date":"2015-11-05T09:49:25","date_gmt":"2015-11-05T09:49:25","guid":{"rendered":"http:\/\/www.am-puls.ch\/wordpress\/?page_id=50"},"modified":"2024-10-07T11:39:58","modified_gmt":"2024-10-07T11:39:58","slug":"begleitmassnahmen-tipps","status":"publish","type":"page","link":"https:\/\/am-puls.ch\/index.php\/begleitmassnahmen-tipps\/","title":{"rendered":"Begleitmassnahmen &#038; Tipps"},"content":{"rendered":"<h1>Begleitmassnahmen &amp; Tipps<\/h1>\n<ul>\n<li><a href=\"\/index.php\/adhs\/\">ADHS<\/a><\/li>\n<li><a href=\"\/index.php\/akne\/\">Akne<\/a><\/li>\n<li><a href=\"\/index.php\/asthma\/\">Asthma<\/a><\/li>\n<li><a href=\"\/index.php\/augenerkrankungen\/\">Augenerkrankungen<\/a><\/li>\n<li><a href=\"\/index.php\/basisches-badesalz\/\">Basisches Badesalz<\/a><\/li>\n<li><a href=\"\/index.php\/bewegungsapparat\/\">Bewegungsapparat<\/a><\/li>\n<li><a href=\"\/index.php\/blasenentzundung\/\">Blasenentz\u00fcndung<\/a><\/li>\n<li><a href=\"https:\/\/am-puls.ch\/index.php\/eisenmangel\/\">Eisenmangel<\/a><\/li>\n<li><a href=\"\/index.php\/erkaltung\/\">Erk\u00e4ltung<\/a><\/li>\n<li><a href=\"\/index.php\/349-2\/\">Fieber<\/a><\/li>\n<li><a href=\"\/index.php\/gelenkbeschwerden\/\">Gelenkbeschwerden<\/a><\/li>\n<li><a href=\"\/index.php\/halsschmerzen\/\">Halsschmerzen<\/a><\/li>\n<li><a href=\"\/index.php\/hauterkrankungen\/\">Hauterkrankungen<\/a><\/li>\n<li><a href=\"https:\/\/am-puls.ch\/index.php\/herpes-labialis-fieberblasen\/\">Herpes labialis (Fieberbl\u00e4schen)<\/a><\/li>\n<li><a href=\"\/index.php\/heuschnupfen\/\">Heuschnupfen<\/a><\/li>\n<li><a href=\"https:\/\/am-puls.ch\/index.php\/husten\/\">Husten<\/a><\/li>\n<li><a href=\"\/index.php\/insektenstiche\/\">Insektenstiche<\/a><\/li>\n<li><a href=\"\/index.php\/kommunikation\/\">Kommunikation<\/a><\/li>\n<li><a href=\"\/index.php\/kommunikation-mit-kindern\/\">Kommunikation mit Kindern<\/a><\/li>\n<li><a href=\"https:\/\/am-puls.ch\/index.php\/krampfadern\/\">Krampfadern<\/a><\/li>\n<li><a href=\"\/index.php\/mens-beschwerden\">Mens Beschwerden<\/a><\/li>\n<li><a href=\"https:\/\/am-puls.ch\/index.php\/nagelpilz\/\">Nagelpilz<\/a><\/li>\n<li><a href=\"https:\/\/am-puls.ch\/index.php\/nasennebenhoehlenentzuendung\/\">Nasennebenh\u00f6hlenentz\u00fcndung<\/a><\/li>\n<li><a href=\"\/index.php\/ohrenschmerzen\/\">Ohrenschmerzen<\/a><\/li>\n<li><a href=\"\/index.php\/reisekrankheit\/\">Reisekrankheit<\/a><\/li>\n<li><a href=\"\/index.php\/rheuma\/\">Rheuma<\/a><\/li>\n<li><a href=\"https:\/\/am-puls.ch\/index.php\/schlafstoerungen\/\">Schlafst\u00f6rungen<\/a><\/li>\n<li><a href=\"\/index.php\/schnupfen\/\">Schnupfen<\/a><\/li>\n<li><a href=\"\/index.php\/sodbrennen\/\">Sodbrennen<\/a><\/li>\n<li><a href=\"\/index.php\/sonnenallergie\/\">Sonnenallergie<\/a><\/li>\n<li><a href=\"\/index.php\/sonnenstich\/\">Sonnenstich<\/a><\/li>\n<li><a href=\"\/index.php\/ubersauerung\/\">\u00dcbers\u00e4uerung<\/a><\/li>\n<li><a href=\"https:\/\/am-puls.ch\/index.php\/vaginalpilz\/\">Vaginalpilz<\/a><\/li>\n<li><a href=\"\/index.php\/verbrennungen\/\">Verbrennungen<\/a><\/li>\n<li><a href=\"\/index.php\/verstopfung\/\">Verstopfung<\/a><\/li>\n<li><a href=\"\/index.php\/wechseljahre\/\">Wechseljahre<\/a><\/li>\n<li><a href=\"\/index.php\/wickel\/\">Wickel<\/a><\/li>\n<li><a href=\"\/index.php\/zahnen\/\">Zahnen<\/a><\/li>\n<\/ul>\n<div>\n<h3><b>Verwendete Literatur:<\/b><\/h3>\n<ul>\n<li>verschiedene Ausgaben der Zeitschrift Similia, Zeitschrift f\u00fcr klassische Hom\u00f6opathie, Hom\u00f6osana Verlag<\/li>\n<li>Hausmittel, begleitende Massnahmen zur hom\u00f6opathischen Behandlung, Dr. Hansj\u00f6rg He\u00e9<\/li>\n<li>F\u00f6rderung der Eigenheilkr\u00e4fte, Judith Egli, Julia Emmenegger<\/li>\n<li>Wohltuende Wickel, Maya Th\u00fcler<\/li>\n<\/ul>\n<\/div>\n","protected":false},"excerpt":{"rendered":"<p>Begleitmassnahmen &amp; Tipps ADHS Akne Asthma Augenerkrankungen Basisches Badesalz Bewegungsapparat Blasenentz\u00fcndung Eisenmangel Erk\u00e4ltung Fieber Gelenkbeschwerden Halsschmerzen Hauterkrankungen Herpes labialis (Fieberbl\u00e4schen) Heuschnupfen Husten Insektenstiche Kommunikation Kommunikation mit Kindern Krampfadern Mens Beschwerden Nagelpilz Nasennebenh\u00f6hlenentz\u00fcndung Ohrenschmerzen Reisekrankheit Rheuma Schlafst\u00f6rungen Schnupfen Sodbrennen Sonnenallergie Sonnenstich \u00dcbers\u00e4uerung Vaginalpilz Verbrennungen Verstopfung Wechseljahre Wickel Zahnen Verwendete Literatur: verschiedene Ausgaben der Zeitschrift Similia, Zeitschrift &hellip; <a href=\"https:\/\/am-puls.ch\/index.php\/begleitmassnahmen-tipps\/\" class=\"more-link\"><span class=\"screen-reader-text\">Begleitmassnahmen &#038; Tipps<\/span> weiterlesen <span class=\"meta-nav\">&rarr;<\/span><\/a><\/p>\n","protected":false},"author":1,"featured_media":0,"parent":0,"menu_order":9,"comment_status":"closed","ping_status":"closed","template":"","meta":{"footnotes":""},"class_list":["post-50","page","type-page","status-publish","hentry"],"_links":{"self":[{"href":"https:\/\/am-puls.ch\/index.php\/wp-json\/wp\/v2\/pages\/50","targetHints":{"allow":["GET"]}}],"collection":[{"href":"https:\/\/am-puls.ch\/index.php\/wp-json\/wp\/v2\/pages"}],"about":[{"href":"https:\/\/am-puls.ch\/index.php\/wp-json\/wp\/v2\/types\/page"}],"author":[{"embeddable":true,"href":"https:\/\/am-puls.ch\/index.php\/wp-json\/wp\/v2\/users\/1"}],"replies":[{"embeddable":true,"href":"https:\/\/am-puls.ch\/index.php\/wp-json\/wp\/v2\/comments?post=50"}],"version-history":[{"count":22,"href":"https:\/\/am-puls.ch\/index.php\/wp-json\/wp\/v2\/pages\/50\/revisions"}],"predecessor-version":[{"id":1765,"href":"https:\/\/am-puls.ch\/index.php\/wp-json\/wp\/v2\/pages\/50\/revisions\/1765"}],"wp:attachment":[{"href":"https:\/\/am-puls.ch\/index.php\/wp-json\/wp\/v2\/media?parent=50"}],"curies":[{"name":"wp","href":"https:\/\/api.w.org\/{rel}","templated":true}]}}