{"id":45,"date":"2015-11-05T09:46:02","date_gmt":"2015-11-05T09:46:02","guid":{"rendered":"http:\/\/www.am-puls.ch\/wordpress\/?page_id=45"},"modified":"2024-10-07T18:03:12","modified_gmt":"2024-10-07T18:03:12","slug":"45-2","status":"publish","type":"page","link":"https:\/\/am-puls.ch\/index.php\/45-2\/","title":{"rendered":"St\u00f6sst an Grenzen"},"content":{"rendered":"<h1>Wo st\u00f6sst Hom\u00f6opathie an Grenzen?<\/h1>\n<h2><b>Wenn chirurgische Eingriffe unumg\u00e4nglich sind<\/b><\/h2>\n<p>nach einem Unfall, bei zu grossen Nieren- oder Gallensteinen oder sehr starker Arthrose.<br \/>\nAber auch hier kann die Hom\u00f6opathie zu einem guten Gelingen der Operation und zur Schmerzlinderung eingesetzt werden.<\/p>\n<h2><b>Wenn Gewebe unheilbar zerst\u00f6rt ist<\/b><\/h2>\n<p>Wie Lungenemphysem oder Niereninsuf\ufb01zienz. Hier kann die Hom\u00f6opathie nicht mehr heilen, aber lindern und die Lebensqualit\u00e4t verbessern. Dies gilt auch f\u00fcr Krankheiten im Endstadium.<\/p>\n","protected":false},"excerpt":{"rendered":"<p>Wo st\u00f6sst Hom\u00f6opathie an Grenzen? Wenn chirurgische Eingriffe unumg\u00e4nglich sind nach einem Unfall, bei zu grossen Nieren- oder Gallensteinen oder sehr starker Arthrose. Aber auch hier kann die Hom\u00f6opathie zu einem guten Gelingen der Operation und zur Schmerzlinderung eingesetzt werden. Wenn Gewebe unheilbar zerst\u00f6rt ist Wie Lungenemphysem oder Niereninsuf\ufb01zienz. Hier kann die Hom\u00f6opathie nicht mehr &hellip; <a href=\"https:\/\/am-puls.ch\/index.php\/45-2\/\" class=\"more-link\"><span class=\"screen-reader-text\">St\u00f6sst an Grenzen<\/span> weiterlesen <span class=\"meta-nav\">&rarr;<\/span><\/a><\/p>\n","protected":false},"author":1,"featured_media":0,"parent":0,"menu_order":7,"comment_status":"closed","ping_status":"closed","template":"","meta":{"footnotes":""},"class_list":["post-45","page","type-page","status-publish","hentry"],"_links":{"self":[{"href":"https:\/\/am-puls.ch\/index.php\/wp-json\/wp\/v2\/pages\/45","targetHints":{"allow":["GET"]}}],"collection":[{"href":"https:\/\/am-puls.ch\/index.php\/wp-json\/wp\/v2\/pages"}],"about":[{"href":"https:\/\/am-puls.ch\/index.php\/wp-json\/wp\/v2\/types\/page"}],"author":[{"embeddable":true,"href":"https:\/\/am-puls.ch\/index.php\/wp-json\/wp\/v2\/users\/1"}],"replies":[{"embeddable":true,"href":"https:\/\/am-puls.ch\/index.php\/wp-json\/wp\/v2\/comments?post=45"}],"version-history":[{"count":5,"href":"https:\/\/am-puls.ch\/index.php\/wp-json\/wp\/v2\/pages\/45\/revisions"}],"predecessor-version":[{"id":1789,"href":"https:\/\/am-puls.ch\/index.php\/wp-json\/wp\/v2\/pages\/45\/revisions\/1789"}],"wp:attachment":[{"href":"https:\/\/am-puls.ch\/index.php\/wp-json\/wp\/v2\/media?parent=45"}],"curies":[{"name":"wp","href":"https:\/\/api.w.org\/{rel}","templated":true}]}}