{"id":43,"date":"2015-11-05T09:45:03","date_gmt":"2015-11-05T09:45:03","guid":{"rendered":"http:\/\/www.am-puls.ch\/wordpress\/?page_id=43"},"modified":"2024-10-07T18:01:23","modified_gmt":"2024-10-07T18:01:23","slug":"homoopathische-behandlung-eignet-sich-fur","status":"publish","type":"page","link":"https:\/\/am-puls.ch\/index.php\/homoopathische-behandlung-eignet-sich-fur\/","title":{"rendered":"Hom\u00f6opathische Behandlung eignet sich f\u00fcr"},"content":{"rendered":"<h1>F\u00fcr was eignet sich Hom\u00f6opathie?<\/h1>\n<h2><b>Die hom\u00f6opathische Behandlung f\u00fcr jeden Lebensabschnitt<\/b><\/h2>\n<p>Schwangerschaft, Geburt, S\u00e4ugling, Kleinkind, Jugendliche, Erwachsene, alte Menschen und Sterbende.<\/p>\n<h2><b>F\u00fcr akute Krankheiten<\/b><\/h2>\n<p>Hom\u00f6opathie ist eine effiziente und rasche Heilungsmethode bei akuten Beschwerden wie Grippe, Mittelohrentz\u00fcndung, Bronchitis, Kolik, Hexenschuss, Blasenentz\u00fcndung, Magen-, Darmbeschwerden usw.<\/p>\n<h2><b>F\u00fcr chronische Krankheiten<\/b><\/h2>\n<p>Wie wiederkehrende Erk\u00e4ltungen, Allergien, <a href=\"https:\/\/am-puls.ch\/index.php\/asthma\/\">Asthma<\/a>, Migr\u00e4ne, <a href=\"https:\/\/am-puls.ch\/index.php\/bewegungsapparat\/\">Rheuma<\/a>, R\u00fcckenschmerzen, Arthrose, Ekzeme, Neurodermitis, Herzbeschwerden, <a href=\"https:\/\/am-puls.ch\/index.php\/wechseljahre\/\">Wechseljahr<\/a>-, <a href=\"https:\/\/am-puls.ch\/index.php\/mens-beschwerden\/\">Menstruationsbeschwerden<\/a>, <a href=\"https:\/\/am-puls.ch\/index.php\/zuruck-zur-auswahl-schlafstorungen-einige-hilfreiche-massnahmen-fur-ein-besseres-schlafen-einhalten-eines-regelmasigen-schlaf-wach-rhythmus-moglichst-immer-zur-ahnlichen-zeit-ins-bett-gehe\/\">Schlafst\u00f6rungen<\/a>, Konzentrationsst\u00f6rungen, Verhaltensauff\u00e4lligkeiten, Depressionen usw.<\/p>\n","protected":false},"excerpt":{"rendered":"<p>F\u00fcr was eignet sich Hom\u00f6opathie? Die hom\u00f6opathische Behandlung f\u00fcr jeden Lebensabschnitt Schwangerschaft, Geburt, S\u00e4ugling, Kleinkind, Jugendliche, Erwachsene, alte Menschen und Sterbende. F\u00fcr akute Krankheiten Hom\u00f6opathie ist eine effiziente und rasche Heilungsmethode bei akuten Beschwerden wie Grippe, Mittelohrentz\u00fcndung, Bronchitis, Kolik, Hexenschuss, Blasenentz\u00fcndung, Magen-, Darmbeschwerden usw. F\u00fcr chronische Krankheiten Wie wiederkehrende Erk\u00e4ltungen, Allergien, Asthma, Migr\u00e4ne, Rheuma, R\u00fcckenschmerzen, &hellip; <a href=\"https:\/\/am-puls.ch\/index.php\/homoopathische-behandlung-eignet-sich-fur\/\" class=\"more-link\"><span class=\"screen-reader-text\">Hom\u00f6opathische Behandlung eignet sich f\u00fcr<\/span> weiterlesen <span class=\"meta-nav\">&rarr;<\/span><\/a><\/p>\n","protected":false},"author":1,"featured_media":0,"parent":0,"menu_order":6,"comment_status":"closed","ping_status":"closed","template":"","meta":{"footnotes":""},"class_list":["post-43","page","type-page","status-publish","hentry"],"_links":{"self":[{"href":"https:\/\/am-puls.ch\/index.php\/wp-json\/wp\/v2\/pages\/43","targetHints":{"allow":["GET"]}}],"collection":[{"href":"https:\/\/am-puls.ch\/index.php\/wp-json\/wp\/v2\/pages"}],"about":[{"href":"https:\/\/am-puls.ch\/index.php\/wp-json\/wp\/v2\/types\/page"}],"author":[{"embeddable":true,"href":"https:\/\/am-puls.ch\/index.php\/wp-json\/wp\/v2\/users\/1"}],"replies":[{"embeddable":true,"href":"https:\/\/am-puls.ch\/index.php\/wp-json\/wp\/v2\/comments?post=43"}],"version-history":[{"count":4,"href":"https:\/\/am-puls.ch\/index.php\/wp-json\/wp\/v2\/pages\/43\/revisions"}],"predecessor-version":[{"id":1788,"href":"https:\/\/am-puls.ch\/index.php\/wp-json\/wp\/v2\/pages\/43\/revisions\/1788"}],"wp:attachment":[{"href":"https:\/\/am-puls.ch\/index.php\/wp-json\/wp\/v2\/media?parent=43"}],"curies":[{"name":"wp","href":"https:\/\/api.w.org\/{rel}","templated":true}]}}