{"id":40,"date":"2015-11-05T09:43:31","date_gmt":"2015-11-05T09:43:31","guid":{"rendered":"http:\/\/www.am-puls.ch\/wordpress\/?page_id=40"},"modified":"2024-10-07T17:58:57","modified_gmt":"2024-10-07T17:58:57","slug":"heilungsverlauf","status":"publish","type":"page","link":"https:\/\/am-puls.ch\/index.php\/heilungsverlauf\/","title":{"rendered":"Heilungsverlauf"},"content":{"rendered":"<h1>Heilungsverlauf in der Hom\u00f6opathie<\/h1>\n<h2><b>Erstreaktionen: ein erfreuliches \u00dcbel<\/b><\/h2>\n<p>Nach Einnahme des hom\u00f6opathischen Mittels kann es vor allem bei chronischen Beschwerden zur Verst\u00e4rkung der bestehenden Symptome, zum Wieder- erscheinen alter Symptome oder zu Entlastungsreaktionen (Fieber, Durchfall, Schwitzen usw.) kommen. Das ist ein gutes Zeichen: Die Selbstheilungskr\u00e4fte, die Lebenskraft wurden stimuliert.<\/p>\n<h2><b>Von innen nach aussen<\/b><\/h2>\n<p>Zuerst f\u00fchlt sich der Patient psychisch besser, erst dann heilen die k\u00f6rperlichen Beschwerden nach ihrer Wichtigkeit. Beispiel: Zuerst verschwindet? die Depression, dann heilen die Herzbeschwerden und zum Schluss verabschiedet sich der Hautausschlag.<\/p>\n<h2><b>Von oben nach unten<\/b><\/h2>\n<p>Gelenkbeschwerden, Hautprobleme usw. bessern zuerst im Kopf\/Schulterbereich und erst am Schluss an den F\u00fcssen. Oder die Beschwerden wandern von oben nach unten oder vom Stamm zu den Extremit\u00e4ten.<\/p>\n<h2><b>In umgekehrter Reihenfolge<\/b><\/h2>\n<p>Zuerst verschwinden die Symptome, die zuletzt aufgetreten sind.<\/p>\n","protected":false},"excerpt":{"rendered":"<p>Heilungsverlauf in der Hom\u00f6opathie Erstreaktionen: ein erfreuliches \u00dcbel Nach Einnahme des hom\u00f6opathischen Mittels kann es vor allem bei chronischen Beschwerden zur Verst\u00e4rkung der bestehenden Symptome, zum Wieder- erscheinen alter Symptome oder zu Entlastungsreaktionen (Fieber, Durchfall, Schwitzen usw.) kommen. Das ist ein gutes Zeichen: Die Selbstheilungskr\u00e4fte, die Lebenskraft wurden stimuliert. Von innen nach aussen Zuerst f\u00fchlt &hellip; <a href=\"https:\/\/am-puls.ch\/index.php\/heilungsverlauf\/\" class=\"more-link\"><span class=\"screen-reader-text\">Heilungsverlauf<\/span> weiterlesen <span class=\"meta-nav\">&rarr;<\/span><\/a><\/p>\n","protected":false},"author":1,"featured_media":0,"parent":0,"menu_order":5,"comment_status":"closed","ping_status":"closed","template":"","meta":{"footnotes":""},"class_list":["post-40","page","type-page","status-publish","hentry"],"_links":{"self":[{"href":"https:\/\/am-puls.ch\/index.php\/wp-json\/wp\/v2\/pages\/40","targetHints":{"allow":["GET"]}}],"collection":[{"href":"https:\/\/am-puls.ch\/index.php\/wp-json\/wp\/v2\/pages"}],"about":[{"href":"https:\/\/am-puls.ch\/index.php\/wp-json\/wp\/v2\/types\/page"}],"author":[{"embeddable":true,"href":"https:\/\/am-puls.ch\/index.php\/wp-json\/wp\/v2\/users\/1"}],"replies":[{"embeddable":true,"href":"https:\/\/am-puls.ch\/index.php\/wp-json\/wp\/v2\/comments?post=40"}],"version-history":[{"count":5,"href":"https:\/\/am-puls.ch\/index.php\/wp-json\/wp\/v2\/pages\/40\/revisions"}],"predecessor-version":[{"id":1786,"href":"https:\/\/am-puls.ch\/index.php\/wp-json\/wp\/v2\/pages\/40\/revisions\/1786"}],"wp:attachment":[{"href":"https:\/\/am-puls.ch\/index.php\/wp-json\/wp\/v2\/media?parent=40"}],"curies":[{"name":"wp","href":"https:\/\/api.w.org\/{rel}","templated":true}]}}