{"id":399,"date":"2016-01-19T10:06:19","date_gmt":"2016-01-19T10:06:19","guid":{"rendered":"http:\/\/www.am-puls.ch\/wordpress\/?page_id=399"},"modified":"2024-10-07T11:39:25","modified_gmt":"2024-10-07T11:39:25","slug":"zahnen","status":"publish","type":"page","link":"https:\/\/am-puls.ch\/index.php\/zahnen\/","title":{"rendered":"Zahnen"},"content":{"rendered":"<p><a href=\"begleitmassnahmen-tipps\/\">&#8211;&gt; Zur\u00fcck zur Auswahl<\/a><\/p>\n<h1>Zahnen<\/h1>\n<ul>\n<li><b>In Gazet\u00fcchlein Weggli mit \u201eN\u00e4geli\u201c einwickeln,<\/b> Gew\u00fcrznelken haben eine schmerzlindernde Wirkung. Gew\u00fcrznelken enthalten einen lokal an\u00e4sthesierenden Wirkstoff. D.h. die schmerzende Stelle wird lokal \u201ebet\u00e4ubt\u201c.<\/li>\n<li><b>Veilchenwurzel,<\/b> haben ebenfalls eine lokal an\u00e4sthesierende Wirkung. Veilchenwurzeln sind in Drogerien und Apotheken erh\u00e4ltlich.<\/li>\n<li><b>Karotte aus dem K\u00fchlschrank:<\/b> Manche Kinder haben das Bed\u00fcrfnis auf etwas hartem herum zu beissen. Die K\u00fchle wirkt beruhigend auf die Entz\u00fcndung und lindert die Schmerzen. Derselbe Effekt haben Beissringe aus dem K\u00fchlschrank.<\/li>\n<li><b>Osa Pflanzengel:<\/b> enth\u00e4lt Kamillen\u00f6l, Salbei\u00f6l und Nelken\u00f6l sowie Xylit (k\u00fcnstlicher S\u00fcssstoff) aus Birkenrinde. Osa Zahngel ist aus hom\u00f6opathischer Sicht nicht zu empfehlen, da es eine unterdr\u00fcckende Wirkung hat. Salicylamid beeinflusst das Zentrale Nervensystem und hat eine sedierende Wirkung (= macht m\u00fcde).<\/li>\n<li><b>Zwiebelwickel<\/b> an den F\u00fcssen. Mit Socken befestigen.<\/li>\n<\/ul>\n","protected":false},"excerpt":{"rendered":"<p>&#8211;&gt; Zur\u00fcck zur Auswahl Zahnen In Gazet\u00fcchlein Weggli mit \u201eN\u00e4geli\u201c einwickeln, Gew\u00fcrznelken haben eine schmerzlindernde Wirkung. Gew\u00fcrznelken enthalten einen lokal an\u00e4sthesierenden Wirkstoff. D.h. die schmerzende Stelle wird lokal \u201ebet\u00e4ubt\u201c. Veilchenwurzel, haben ebenfalls eine lokal an\u00e4sthesierende Wirkung. Veilchenwurzeln sind in Drogerien und Apotheken erh\u00e4ltlich. Karotte aus dem K\u00fchlschrank: Manche Kinder haben das Bed\u00fcrfnis auf etwas hartem &hellip; <a href=\"https:\/\/am-puls.ch\/index.php\/zahnen\/\" class=\"more-link\"><span class=\"screen-reader-text\">Zahnen<\/span> weiterlesen <span class=\"meta-nav\">&rarr;<\/span><\/a><\/p>\n","protected":false},"author":1,"featured_media":0,"parent":0,"menu_order":0,"comment_status":"closed","ping_status":"closed","template":"","meta":{"footnotes":""},"class_list":["post-399","page","type-page","status-publish","hentry"],"_links":{"self":[{"href":"https:\/\/am-puls.ch\/index.php\/wp-json\/wp\/v2\/pages\/399","targetHints":{"allow":["GET"]}}],"collection":[{"href":"https:\/\/am-puls.ch\/index.php\/wp-json\/wp\/v2\/pages"}],"about":[{"href":"https:\/\/am-puls.ch\/index.php\/wp-json\/wp\/v2\/types\/page"}],"author":[{"embeddable":true,"href":"https:\/\/am-puls.ch\/index.php\/wp-json\/wp\/v2\/users\/1"}],"replies":[{"embeddable":true,"href":"https:\/\/am-puls.ch\/index.php\/wp-json\/wp\/v2\/comments?post=399"}],"version-history":[{"count":3,"href":"https:\/\/am-puls.ch\/index.php\/wp-json\/wp\/v2\/pages\/399\/revisions"}],"predecessor-version":[{"id":1764,"href":"https:\/\/am-puls.ch\/index.php\/wp-json\/wp\/v2\/pages\/399\/revisions\/1764"}],"wp:attachment":[{"href":"https:\/\/am-puls.ch\/index.php\/wp-json\/wp\/v2\/media?parent=399"}],"curies":[{"name":"wp","href":"https:\/\/api.w.org\/{rel}","templated":true}]}}