{"id":389,"date":"2016-01-19T10:03:39","date_gmt":"2016-01-19T10:03:39","guid":{"rendered":"http:\/\/www.am-puls.ch\/wordpress\/?page_id=389"},"modified":"2024-10-07T10:07:19","modified_gmt":"2024-10-07T10:07:19","slug":"verbrennungen","status":"publish","type":"page","link":"https:\/\/am-puls.ch\/index.php\/verbrennungen\/","title":{"rendered":"Verbrennungen"},"content":{"rendered":"<p><a href=\"begleitmassnahmen-tipps\/\">&#8211;&gt; Zur\u00fcck zur Auswahl<\/a><\/p>\n<h1>Verbrennungen<\/h1>\n<h2><b>Allgemeine Massnahmen<\/b><\/h2>\n<ul>\n<li>Um einer weiteren Gewebesch\u00e4digung durch Ausbreitung der Hitze vorzubeugen, sofort die Verbrennungsstelle im lauwarmen, ca. 20 gr\u00e4digen Leitungswasser w\u00e4hrend 10 Minuten abk\u00fchlen. Von kaltem Wasser wird nach neusten Erkenntnissen abgeraten.<br \/>\nNur k\u00fchlen wenn weniger als 10% bei Erwachsenen bzw. 5% bei Kindern der K\u00f6rperoberfl\u00e4che verbrannt sind.<\/li>\n<li>Nach dem hom\u00f6opathischen Prinzip \u201e\u00c4hnliches wird mit \u00c4hnlichem geheilt\u201c kann auch die Verbrennungsstelle mit einem zus\u00e4tzlichen W\u00e4rmereiz behandelt werden. Nach einer Schmerzverst\u00e4rkung folgt die Linderung. Es muss aber auf die Bed\u00fcrfnisse des Betroffenen eingegangen werden.<\/li>\n<li>Keine Zeit mit Kleiderentfernung verlieren. Kleider nicht wegreissen. Verbrannte Kleidung oder andere eingebrannte Gegenst\u00e4nde vom Arzt oder im Spital entfernen lassen.<\/li>\n<\/ul>\n<h2><b>Verbrennungen 1. Grades: R\u00f6tung der Haut, kleine Blasenbildung<\/b><\/h2>\n<ul>\n<li>Bei starken Schmerzen 3-5 Cantharis vesicatoria C30 Globuli einnehmen.<\/li>\n<li>3-5 Globuli Cantharis C30 in ca. 1 dl Wasser aufl\u00f6sen, Gaze darin tr\u00e4nken und auf die Wunde legen<\/li>\n<li>Quarkwickel (siehe unter <a href=\"https:\/\/am-puls.ch\/index.php\/wickel\/\">Wickel<\/a>)<\/li>\n<li>Cantharis-Salbe (in der Schweiz rezeptpflichtig)<\/li>\n<li>Essigsaure Tonerde<\/li>\n<\/ul>\n<h2><b>Verbrennungen 2. Grades: Brandblasen<\/b><\/h2>\n<ul>\n<li>Brandblasen nicht aufstechen<\/li>\n<li>3-5 Globuli Cantharis vesicatoria C30 einnehmen. Wenn nach erstem Nachlassen der Schmerzen, trotzdem noch Restschmerzen bleiben oder die Schmerzen wieder schlimmer werden, erneut 3-5 Globuli Cantharis einnehmen.<\/li>\n<li>3-5 Globuli Cantharis C30 in ca. 1 dl Wasser aufl\u00f6sen, Gaze darin tr\u00e4nken und auf die Wunde legen, wenn der Schmerz wieder kommt, erneuern<\/li>\n<li>kalte Leinsamenwickel wirken schmerzstillend (siehe unter <a href=\"wickel\/\">Wickel<\/a>)<\/li>\n<li>Bei grossfl\u00e4chigen Verbrennungen, die gr\u00f6sser als eine Handfl\u00e4che sind den Arzt aufsuchen<\/li>\n<li>Bei tiefen Verbrennungen (weisser Blasengrund) Arzt aufsuchen. Ev. braucht es eine chirurgische Behandlung<\/li>\n<\/ul>\n<h2><b>Verbrennungen 3. Grades: Die Haut ist zerst\u00f6rt, sichtbar an den weissen oder verkohlten Hautstellen, keine Schmerzen (Nerven zerst\u00f6rt) <\/b><\/h2>\n<ul>\n<li>Sofort Arzt aufsuchen<\/li>\n<li>Neben der schulmedizinischen Betreuung zum\/r Hom\u00f6opathIn gehen<\/li>\n<\/ul>\n<h2><b>Komplikationen<\/b><\/h2>\n<ul>\n<li>Bei persistierenden Schmerzen, Superinfektionen, Einschr\u00e4nkung der Beweglichkeit, neben der schulmedizinischen Betreuung eine\/n Hom\u00f6opathIn aufsuchen<\/li>\n<li>Bei einer Verbrennung 2. oder 3. Grades kann es bei Erwachsenen ab 10%, bei Kindern ab 5% verbrannter K\u00f6rperoberfl\u00e4che lebensbedrohlich werden (hypovol\u00e4mischer Schock). Es muss daher unverz\u00fcglich das Spital aufgesucht werden.<\/li>\n<\/ul>\n<table>\n<tbody>\n<tr>\n<th>K\u00f6rperteil<\/th>\n<th>Erwachsener<\/th>\n<th>Kind<\/th>\n<th>S\u00e4ugling<\/th>\n<\/tr>\n<tr>\n<th>Kopf\/Hals<\/th>\n<td>9 %<\/td>\n<td>16 %<\/td>\n<td>20 %<\/td>\n<\/tr>\n<tr>\n<th>Rumpf<\/th>\n<td>4 x 9 (36) %<\/td>\n<td>32 %<\/td>\n<td>30 %<\/td>\n<\/tr>\n<tr>\n<th>Arme<\/th>\n<td>2 x 9 (18) %<\/td>\n<td>2 x 9 %<\/td>\n<td>2 x 9 %<\/td>\n<\/tr>\n<tr>\n<th>Beine<\/th>\n<td>2 x 2 x 9 (36) %<\/td>\n<td>2 x 16 %<\/td>\n<td>2 x 15 %<\/td>\n<\/tr>\n<tr>\n<th>Genitalien<\/th>\n<td>1 %<\/td>\n<td>2 %<\/td>\n<td>2 %<\/td>\n<\/tr>\n<\/tbody>\n<\/table>\n<p>Eine weitere M\u00f6glichkeit ist die Berechnung anhand der Faustregel, dass die Handfl\u00e4che einschlie\u00dflich der Finger des Patienten ca. 1 % der K\u00f6rperoberfl\u00e4che betr\u00e4gt.<\/p>\n","protected":false},"excerpt":{"rendered":"<p>&#8211;&gt; Zur\u00fcck zur Auswahl Verbrennungen Allgemeine Massnahmen Um einer weiteren Gewebesch\u00e4digung durch Ausbreitung der Hitze vorzubeugen, sofort die Verbrennungsstelle im lauwarmen, ca. 20 gr\u00e4digen Leitungswasser w\u00e4hrend 10 Minuten abk\u00fchlen. Von kaltem Wasser wird nach neusten Erkenntnissen abgeraten. Nur k\u00fchlen wenn weniger als 10% bei Erwachsenen bzw. 5% bei Kindern der K\u00f6rperoberfl\u00e4che verbrannt sind. Nach dem &hellip; <a href=\"https:\/\/am-puls.ch\/index.php\/verbrennungen\/\" class=\"more-link\"><span class=\"screen-reader-text\">Verbrennungen<\/span> weiterlesen <span class=\"meta-nav\">&rarr;<\/span><\/a><\/p>\n","protected":false},"author":1,"featured_media":0,"parent":0,"menu_order":0,"comment_status":"closed","ping_status":"closed","template":"","meta":{"footnotes":""},"class_list":["post-389","page","type-page","status-publish","hentry"],"_links":{"self":[{"href":"https:\/\/am-puls.ch\/index.php\/wp-json\/wp\/v2\/pages\/389","targetHints":{"allow":["GET"]}}],"collection":[{"href":"https:\/\/am-puls.ch\/index.php\/wp-json\/wp\/v2\/pages"}],"about":[{"href":"https:\/\/am-puls.ch\/index.php\/wp-json\/wp\/v2\/types\/page"}],"author":[{"embeddable":true,"href":"https:\/\/am-puls.ch\/index.php\/wp-json\/wp\/v2\/users\/1"}],"replies":[{"embeddable":true,"href":"https:\/\/am-puls.ch\/index.php\/wp-json\/wp\/v2\/comments?post=389"}],"version-history":[{"count":3,"href":"https:\/\/am-puls.ch\/index.php\/wp-json\/wp\/v2\/pages\/389\/revisions"}],"predecessor-version":[{"id":1754,"href":"https:\/\/am-puls.ch\/index.php\/wp-json\/wp\/v2\/pages\/389\/revisions\/1754"}],"wp:attachment":[{"href":"https:\/\/am-puls.ch\/index.php\/wp-json\/wp\/v2\/media?parent=389"}],"curies":[{"name":"wp","href":"https:\/\/api.w.org\/{rel}","templated":true}]}}