{"id":387,"date":"2016-01-19T10:03:11","date_gmt":"2016-01-19T10:03:11","guid":{"rendered":"http:\/\/www.am-puls.ch\/wordpress\/?page_id=387"},"modified":"2024-10-07T09:49:18","modified_gmt":"2024-10-07T09:49:18","slug":"ubersauerung","status":"publish","type":"page","link":"https:\/\/am-puls.ch\/index.php\/ubersauerung\/","title":{"rendered":"\u00dcbers\u00e4uerung"},"content":{"rendered":"<p><a href=\"begleitmassnahmen-tipps\/\">&#8211;&gt; Zur\u00fcck zur Auswahl<\/a><\/p>\n<h1>\u00dcbers\u00e4uerung<\/h1>\n<p>Siehe: <a href=\"https:\/\/am-puls.ch\/index.php\/basisches-badesalz\/\">Basisches Badesalz.<\/a><\/p>\n","protected":false},"excerpt":{"rendered":"<p>&#8211;&gt; Zur\u00fcck zur Auswahl \u00dcbers\u00e4uerung Siehe: Basisches Badesalz.<\/p>\n","protected":false},"author":1,"featured_media":0,"parent":0,"menu_order":0,"comment_status":"closed","ping_status":"closed","template":"","meta":{"footnotes":""},"class_list":["post-387","page","type-page","status-publish","hentry"],"_links":{"self":[{"href":"https:\/\/am-puls.ch\/index.php\/wp-json\/wp\/v2\/pages\/387","targetHints":{"allow":["GET"]}}],"collection":[{"href":"https:\/\/am-puls.ch\/index.php\/wp-json\/wp\/v2\/pages"}],"about":[{"href":"https:\/\/am-puls.ch\/index.php\/wp-json\/wp\/v2\/types\/page"}],"author":[{"embeddable":true,"href":"https:\/\/am-puls.ch\/index.php\/wp-json\/wp\/v2\/users\/1"}],"replies":[{"embeddable":true,"href":"https:\/\/am-puls.ch\/index.php\/wp-json\/wp\/v2\/comments?post=387"}],"version-history":[{"count":3,"href":"https:\/\/am-puls.ch\/index.php\/wp-json\/wp\/v2\/pages\/387\/revisions"}],"predecessor-version":[{"id":1751,"href":"https:\/\/am-puls.ch\/index.php\/wp-json\/wp\/v2\/pages\/387\/revisions\/1751"}],"wp:attachment":[{"href":"https:\/\/am-puls.ch\/index.php\/wp-json\/wp\/v2\/media?parent=387"}],"curies":[{"name":"wp","href":"https:\/\/api.w.org\/{rel}","templated":true}]}}