{"id":383,"date":"2016-01-19T10:02:05","date_gmt":"2016-01-19T10:02:05","guid":{"rendered":"http:\/\/www.am-puls.ch\/wordpress\/?page_id=383"},"modified":"2024-10-07T09:46:09","modified_gmt":"2024-10-07T09:46:09","slug":"sonnenallergie","status":"publish","type":"page","link":"https:\/\/am-puls.ch\/index.php\/sonnenallergie\/","title":{"rendered":"Sonnenallergie"},"content":{"rendered":"<p><a href=\"begleitmassnahmen-tipps\/\">&#8211;&gt; Zur\u00fcck zur Auswahl<\/a><\/p>\n<h1>Sonnenallergie<\/h1>\n<h2><b>Vorbeugende Massnahmen<\/b><\/h2>\n<ul>\n<li>ausreichender<b> Sonnenschutz<\/b>: Konsequenter, auf den Hauttyp abgestimmter UV-Schutz (UVA und UVB), speziell auf hohen UVA Schutz achten<\/li>\n<li>fett- und emulgatorenarme Sonnenschutzmittel zur Vermeidung von Mallorca-Akne<\/li>\n<li><b> Sonnenexposition<\/b> der Hautbr\u00e4une anpassen: langsame Gew\u00f6hnung an die Sonnenstrahlen, Sonne zu Beginn der Saison nur in kleinen Dosen geniessen, direkte Sonnenbestrahlung meiden, auch im Schatten k\u00f6nnen die UV-Strahlen photoallergische Reaktionen ausl\u00f6sen, die intensive Mittagssonne von 12-15 Uhr meiden<\/li>\n<li>Allgemein vern\u00fcnftiger Umgang mit direkter Sonnenexposition: Damit k\u00f6nnen nicht nur Sonnenallergien, sondern auch UV-bedingten Krebsarten wie dem Malignen Melanom (schwarzer Hautkrebs) und dem Basaliom (weisser Hautkrebs) vorgebeugt werden<\/li>\n<li>Kinder, insbesondere Kleinkinder reagieren besonders empfindlich auf eine \u00fcberm\u00e4ssige Sonnenbestrahlung. Kindliche Sonnenbr\u00e4nde erh\u00f6hen das sp\u00e4tere Hautkrebsrisiko. Ein hoher Lichtschutzfaktor und gem\u00e4ssigte Sonnenexposition ist daher besonders wichtig<\/li>\n<li>Leichte Kleidung aus Naturfaser wie Baumwolle oder Leinen tragen (Baumwolle l\u00e4sst nur 10% der UVA-Strahlung durch, Kunstfaser hingegen bis zu 50%) Sonnenhut<\/li>\n<\/ul>\n<h2><b>Massnahmen beim Auftreten einer Sonnenallergie<\/b><\/h2>\n<ul>\n<li>Die wichtigste Massnahme beim Auftreten einer polymorphen Lichtdermatose ist das Vermeiden weiterer Sonnenexposition: bei Vermeidung von weiterer UV-Bestrahlung k\u00f6nnen Sie damit rechnen, dass ohne weitere Behandlung die Symptome der Sonnenallergie nachlassen.<\/li>\n<li>Der starke Juckreiz kann mit k\u00fchlenden Gels, beispielsweise Aloe Vera Gel oder dem Combudoron Gel von Weleda gelindert werden<\/li>\n<li>Auch Auflagen\/Waschungen mit Schwarzteebeutel k\u00f6nnen die Symptome lindern<\/li>\n<li>K\u00fchlende <a href=\"https:\/\/am-puls.ch\/index.php\/wickel\/\">Wickel<\/a> mit <a href=\"https:\/\/am-puls.ch\/index.php\/basisches-badesalz\/\">Basesalz <\/a>(z.B. von Jentschura) lindern den Juckreiz und sorgen f\u00fcr ein rascheres Abklingen des Hautausschlage<\/li>\n<\/ul>\n","protected":false},"excerpt":{"rendered":"<p>&#8211;&gt; Zur\u00fcck zur Auswahl Sonnenallergie Vorbeugende Massnahmen ausreichender Sonnenschutz: Konsequenter, auf den Hauttyp abgestimmter UV-Schutz (UVA und UVB), speziell auf hohen UVA Schutz achten fett- und emulgatorenarme Sonnenschutzmittel zur Vermeidung von Mallorca-Akne Sonnenexposition der Hautbr\u00e4une anpassen: langsame Gew\u00f6hnung an die Sonnenstrahlen, Sonne zu Beginn der Saison nur in kleinen Dosen geniessen, direkte Sonnenbestrahlung meiden, auch &hellip; <a href=\"https:\/\/am-puls.ch\/index.php\/sonnenallergie\/\" class=\"more-link\"><span class=\"screen-reader-text\">Sonnenallergie<\/span> weiterlesen <span class=\"meta-nav\">&rarr;<\/span><\/a><\/p>\n","protected":false},"author":1,"featured_media":0,"parent":0,"menu_order":0,"comment_status":"closed","ping_status":"closed","template":"","meta":{"footnotes":""},"class_list":["post-383","page","type-page","status-publish","hentry"],"_links":{"self":[{"href":"https:\/\/am-puls.ch\/index.php\/wp-json\/wp\/v2\/pages\/383","targetHints":{"allow":["GET"]}}],"collection":[{"href":"https:\/\/am-puls.ch\/index.php\/wp-json\/wp\/v2\/pages"}],"about":[{"href":"https:\/\/am-puls.ch\/index.php\/wp-json\/wp\/v2\/types\/page"}],"author":[{"embeddable":true,"href":"https:\/\/am-puls.ch\/index.php\/wp-json\/wp\/v2\/users\/1"}],"replies":[{"embeddable":true,"href":"https:\/\/am-puls.ch\/index.php\/wp-json\/wp\/v2\/comments?post=383"}],"version-history":[{"count":4,"href":"https:\/\/am-puls.ch\/index.php\/wp-json\/wp\/v2\/pages\/383\/revisions"}],"predecessor-version":[{"id":1749,"href":"https:\/\/am-puls.ch\/index.php\/wp-json\/wp\/v2\/pages\/383\/revisions\/1749"}],"wp:attachment":[{"href":"https:\/\/am-puls.ch\/index.php\/wp-json\/wp\/v2\/media?parent=383"}],"curies":[{"name":"wp","href":"https:\/\/api.w.org\/{rel}","templated":true}]}}