{"id":381,"date":"2016-01-19T10:01:32","date_gmt":"2016-01-19T10:01:32","guid":{"rendered":"http:\/\/www.am-puls.ch\/wordpress\/?page_id=381"},"modified":"2024-10-07T09:42:58","modified_gmt":"2024-10-07T09:42:58","slug":"sodbrennen","status":"publish","type":"page","link":"https:\/\/am-puls.ch\/index.php\/sodbrennen\/","title":{"rendered":"Sodbrennen"},"content":{"rendered":"<p><a href=\"\/index.php\/begleitmassnahmen-tipps\/\">&#8211;&gt; Zur\u00fcck zur Auswahl<\/a><\/p>\n<h1>Sodbrennen<\/h1>\n<ul>\n<li>M\u00f6glichst basischen Ern\u00e4hrung (viel Gem\u00fcse, Kartoffeln)<\/li>\n<li>Wurzel von Eibisch (Radix Althaea) einnehmen (erh\u00e4ltlich in Drogerien und Apotheken): 1-2 Teel\u00f6ffel der Eibischwurzel in ein Glas Wasser geben, zudecken und \u00fcber Nacht ziehen lassen (<b>nicht erw\u00e4rmen!!<\/b>) am Morgen vor dem Essen trinken, erneut Eibischwurzel ansetzten und vor dem Nachtessen trinken.<\/li>\n<li>Roher Kartoffelsaft auf n\u00fcchternen Magen.<\/li>\n<li>Leinsamenschleim: 1-2 Teel\u00f6ffel Leinsamen in \u00bd Glas Wasser \u00fcber Nacht stehen lassen und den daraus entstehenden Schleim trinken.<\/li>\n<\/ul>\n","protected":false},"excerpt":{"rendered":"<p>&#8211;&gt; Zur\u00fcck zur Auswahl Sodbrennen M\u00f6glichst basischen Ern\u00e4hrung (viel Gem\u00fcse, Kartoffeln) Wurzel von Eibisch (Radix Althaea) einnehmen (erh\u00e4ltlich in Drogerien und Apotheken): 1-2 Teel\u00f6ffel der Eibischwurzel in ein Glas Wasser geben, zudecken und \u00fcber Nacht ziehen lassen (nicht erw\u00e4rmen!!) am Morgen vor dem Essen trinken, erneut Eibischwurzel ansetzten und vor dem Nachtessen trinken. Roher Kartoffelsaft &hellip; <a href=\"https:\/\/am-puls.ch\/index.php\/sodbrennen\/\" class=\"more-link\"><span class=\"screen-reader-text\">Sodbrennen<\/span> weiterlesen <span class=\"meta-nav\">&rarr;<\/span><\/a><\/p>\n","protected":false},"author":1,"featured_media":0,"parent":0,"menu_order":0,"comment_status":"closed","ping_status":"closed","template":"","meta":{"footnotes":""},"class_list":["post-381","page","type-page","status-publish","hentry"],"_links":{"self":[{"href":"https:\/\/am-puls.ch\/index.php\/wp-json\/wp\/v2\/pages\/381","targetHints":{"allow":["GET"]}}],"collection":[{"href":"https:\/\/am-puls.ch\/index.php\/wp-json\/wp\/v2\/pages"}],"about":[{"href":"https:\/\/am-puls.ch\/index.php\/wp-json\/wp\/v2\/types\/page"}],"author":[{"embeddable":true,"href":"https:\/\/am-puls.ch\/index.php\/wp-json\/wp\/v2\/users\/1"}],"replies":[{"embeddable":true,"href":"https:\/\/am-puls.ch\/index.php\/wp-json\/wp\/v2\/comments?post=381"}],"version-history":[{"count":3,"href":"https:\/\/am-puls.ch\/index.php\/wp-json\/wp\/v2\/pages\/381\/revisions"}],"predecessor-version":[{"id":1747,"href":"https:\/\/am-puls.ch\/index.php\/wp-json\/wp\/v2\/pages\/381\/revisions\/1747"}],"wp:attachment":[{"href":"https:\/\/am-puls.ch\/index.php\/wp-json\/wp\/v2\/media?parent=381"}],"curies":[{"name":"wp","href":"https:\/\/api.w.org\/{rel}","templated":true}]}}