{"id":379,"date":"2016-01-19T10:00:02","date_gmt":"2016-01-19T10:00:02","guid":{"rendered":"http:\/\/www.am-puls.ch\/wordpress\/?page_id=379"},"modified":"2024-10-07T09:40:46","modified_gmt":"2024-10-07T09:40:46","slug":"schnupfen","status":"publish","type":"page","link":"https:\/\/am-puls.ch\/index.php\/schnupfen\/","title":{"rendered":"Schnupfen"},"content":{"rendered":"<p><a href=\"\/index.php\/begleitmassnahmen-tipps\/\">&#8211;&gt; Zur\u00fcck zur Auswahl<\/a><\/p>\n<h1>Schnupfen<\/h1>\n<p>Fliessen lassen! Nicht mit abschwellenden Tropfen unterdr\u00fccken!<\/p>\n<ul>\n<li>Zwiebelringe in n\u00e4he des Kopfes legen oder aufh\u00e4ngen<\/li>\n<li>Nasensp\u00fclung mit physiologischer Koch- oder Meersalzl\u00f6sung<\/li>\n<li>Physiologischer Koch- oder Meersalz Nasenspray<\/li>\n<li>Nasensalbe mit Salz<\/li>\n<li>Inhalation: mit Thymian oder Salzl\u00f6sung<\/li>\n<li>ev. Luftbefeuchter<\/li>\n<\/ul>\n","protected":false},"excerpt":{"rendered":"<p>&#8211;&gt; Zur\u00fcck zur Auswahl Schnupfen Fliessen lassen! Nicht mit abschwellenden Tropfen unterdr\u00fccken! Zwiebelringe in n\u00e4he des Kopfes legen oder aufh\u00e4ngen Nasensp\u00fclung mit physiologischer Koch- oder Meersalzl\u00f6sung Physiologischer Koch- oder Meersalz Nasenspray Nasensalbe mit Salz Inhalation: mit Thymian oder Salzl\u00f6sung ev. Luftbefeuchter<\/p>\n","protected":false},"author":1,"featured_media":0,"parent":0,"menu_order":0,"comment_status":"closed","ping_status":"closed","template":"","meta":{"footnotes":""},"class_list":["post-379","page","type-page","status-publish","hentry"],"_links":{"self":[{"href":"https:\/\/am-puls.ch\/index.php\/wp-json\/wp\/v2\/pages\/379","targetHints":{"allow":["GET"]}}],"collection":[{"href":"https:\/\/am-puls.ch\/index.php\/wp-json\/wp\/v2\/pages"}],"about":[{"href":"https:\/\/am-puls.ch\/index.php\/wp-json\/wp\/v2\/types\/page"}],"author":[{"embeddable":true,"href":"https:\/\/am-puls.ch\/index.php\/wp-json\/wp\/v2\/users\/1"}],"replies":[{"embeddable":true,"href":"https:\/\/am-puls.ch\/index.php\/wp-json\/wp\/v2\/comments?post=379"}],"version-history":[{"count":3,"href":"https:\/\/am-puls.ch\/index.php\/wp-json\/wp\/v2\/pages\/379\/revisions"}],"predecessor-version":[{"id":1746,"href":"https:\/\/am-puls.ch\/index.php\/wp-json\/wp\/v2\/pages\/379\/revisions\/1746"}],"wp:attachment":[{"href":"https:\/\/am-puls.ch\/index.php\/wp-json\/wp\/v2\/media?parent=379"}],"curies":[{"name":"wp","href":"https:\/\/api.w.org\/{rel}","templated":true}]}}