{"id":373,"date":"2016-01-19T09:58:10","date_gmt":"2016-01-19T09:58:10","guid":{"rendered":"http:\/\/www.am-puls.ch\/wordpress\/?page_id=373"},"modified":"2024-10-07T09:03:32","modified_gmt":"2024-10-07T09:03:32","slug":"reisekrankheit","status":"publish","type":"page","link":"https:\/\/am-puls.ch\/index.php\/reisekrankheit\/","title":{"rendered":"Reisekrankheit"},"content":{"rendered":"<p><a href=\"\/index.php\/begleitmassnahmen-tipps\/\">&#8211;&gt; Zur\u00fcck zur Auswahl<\/a><\/p>\n<h1>Reisekrankheit<\/h1>\n<h2><b>Begleitmassnahmen<\/b><\/h2>\n<p>Ingwer wirkt \u00dcbelkeit und Erbrechen entgegen. Kleine Scheibchen der Wurzel k\u00f6nnen vorbeugend und w\u00e4hrend des Reisens gekaut oder einfach unter die Zunge gelegt werden. Manche Betroffene versp\u00fcren eine Verminderung der Symptome durch Einnahme von Vitamin C. Die Wirkung von Vitamin C ist aber wissenschaftlich nicht nachgewiesen. Egal ob die Reise per Auto, Schiff oder Flugzeug erfolgt, soll der Passagier m\u00f6glichst die Sicht auf einen unbeweglichen Horizont haben. Personen die am Steuer sind (Auto, Schiff) werden selten reisekrank.<\/p>\n<h2><b>Hom\u00f6opathische Akutmittel bei Reisekrankheit<\/b><\/h2>\n<h3>Coccolus indidcus<\/h3>\n<p>Schwindel, wie wenn er betrunken w\u00e4re, mit \u00dcbelkeit, \u00fcberm\u00e4ssiger Speichelproduktion, Erbrechen und Kopfschmerzen (v.a. Hinterkopf und Nacken). Der Patient will weder trinken noch essen. Essensger\u00fcche und bereits das Denken an Essen verursacht \u00dcbelkeit. Er kann nicht aus dem Fenster schauen oder auf einem Schiff ins Wasser schauen. Jede Augenbewegung verschlimmert seinen Zustand. Er versucht sich gar nicht zu bewegen oder wenn n\u00f6tig, dann ganz langsam. Er wird durch Sprechen ebenfalls schlimmer.<\/p>\n<h3>Tabacum<\/h3>\n<p>Heftige \u00dcbelkeit und Erbrechen mit Magenschmerzen. Der K\u00f6rper des Patienten ist sehr blass und kalt. Er hat kalte Schweissausbr\u00fcche, v.a. auf der Stirn und um den Mund herum. Er f\u00fchlt sich sehr ersch\u00f6pft. Er sp\u00fcrt eine Besserung bei geschlossenen Augen, in einem dunklen Zimmer, durch kalte Luft und wenn ihm Luft zugef\u00e4chelt wird. W\u00e4rme verschlimmert seinen Zustand.<\/p>\n<h3>Petroleum<\/h3>\n<p>\u00dcbelkeit und Erbrechen mit kalten Schweissausbr\u00fcchen, begleitet von Schwindel und Kopfschmerzen im Hinterkopf. Bei einer Schiffahrt f\u00fchlt sich der Patient besser beim still Liegen in einem dunklen Raum. Trotz \u00dcbelkeit hat er Hunger und isst etwas, was ihm gut tut. Ebenfalls hilft ihm kalte Luft. Oft hat der Betroffene Durchfall nach einer Autofahrt.<\/p>\n<h3>Theridion<\/h3>\n<p>\u00dcbelkeit, Erbrechen, Schwindel und kalte Schweissausbr\u00fcche. Der Patient muss die Augen offen halten, da er sich mit geschlossenen Augen schlechter f\u00fchlt. Er ist nerv\u00f6s und reagiert auf L\u00e4rm \u00fcberempfindlich. Die \u00dcbelkeit wird durch warme Getr\u00e4nke schlimmer. Der Zustand verbessert sich durch Liegen. Sobald er den Kopf hochhebt wird ihm schwindlig.<\/p>\n<h3>Nux vomica<\/h3>\n<p>Der Patient ist reizbar und \u00fcberempfindlich, speziell auf L\u00e4rm. Der Patient ist launisch und ungeduldig. Bereits Kleinigkeiten ver\u00e4rgern ihn. Er m\u00f6chte daher am liebsten in Ruhe gelassen werden. Ebenfalls verschlimmert Bewegung seinen Zustand. Der Patient leidet unter \u00dcbelkeit und m\u00f6chte eigentlich erbrechen, was ihm aber M\u00fche bereitet. Unter grosser Anstrengung kann er etwas erbrechen, was ihm hilft.<\/p>\n<h3>Ipecacuanha<\/h3>\n<p>Der Patient leidet unter st\u00e4ndiger, starker \u00dcbelkeit. Er hat eine \u00fcberm\u00e4ssige Speichelproduktion. Die Zunge ist Sauber (kein Belag). Erbrechen bringt dem Patienten keine Erleichterung, d.h. die \u00dcbelkeit ist nach dem Erbrechen genau gleich stark. Der Betroffene hat teilweise komische Gel\u00fcste nach schwerverdaulichem, wie z.B. Pommes frites.<\/p>\n<h3><b>Anwendung<\/b><\/h3>\n<p>Das ausgew\u00e4hlte hom\u00f6opathische Mittel in C30 Potenz einnehmen. 3 Globuli eine halbe Stunde vor der Reise und\/oder beim Auftreten der Symptome einnehmen. Sobald eine Besserung auftritt, kein Mittel mehr nehmen. Wenn nach 2-3 Gaben keine Besserung erfolgt ist es sinnlos das gleiche Mittel zu wiederholen. Sie k\u00f6nnen daraus schliessen, das falsche Mittel gew\u00e4hlt zu haben.<\/p>\n","protected":false},"excerpt":{"rendered":"<p>&#8211;&gt; Zur\u00fcck zur Auswahl Reisekrankheit Begleitmassnahmen Ingwer wirkt \u00dcbelkeit und Erbrechen entgegen. Kleine Scheibchen der Wurzel k\u00f6nnen vorbeugend und w\u00e4hrend des Reisens gekaut oder einfach unter die Zunge gelegt werden. Manche Betroffene versp\u00fcren eine Verminderung der Symptome durch Einnahme von Vitamin C. Die Wirkung von Vitamin C ist aber wissenschaftlich nicht nachgewiesen. Egal ob die &hellip; <a href=\"https:\/\/am-puls.ch\/index.php\/reisekrankheit\/\" class=\"more-link\"><span class=\"screen-reader-text\">Reisekrankheit<\/span> weiterlesen <span class=\"meta-nav\">&rarr;<\/span><\/a><\/p>\n","protected":false},"author":1,"featured_media":0,"parent":0,"menu_order":0,"comment_status":"closed","ping_status":"closed","template":"","meta":{"footnotes":""},"class_list":["post-373","page","type-page","status-publish","hentry"],"_links":{"self":[{"href":"https:\/\/am-puls.ch\/index.php\/wp-json\/wp\/v2\/pages\/373","targetHints":{"allow":["GET"]}}],"collection":[{"href":"https:\/\/am-puls.ch\/index.php\/wp-json\/wp\/v2\/pages"}],"about":[{"href":"https:\/\/am-puls.ch\/index.php\/wp-json\/wp\/v2\/types\/page"}],"author":[{"embeddable":true,"href":"https:\/\/am-puls.ch\/index.php\/wp-json\/wp\/v2\/users\/1"}],"replies":[{"embeddable":true,"href":"https:\/\/am-puls.ch\/index.php\/wp-json\/wp\/v2\/comments?post=373"}],"version-history":[{"count":3,"href":"https:\/\/am-puls.ch\/index.php\/wp-json\/wp\/v2\/pages\/373\/revisions"}],"predecessor-version":[{"id":1740,"href":"https:\/\/am-puls.ch\/index.php\/wp-json\/wp\/v2\/pages\/373\/revisions\/1740"}],"wp:attachment":[{"href":"https:\/\/am-puls.ch\/index.php\/wp-json\/wp\/v2\/media?parent=373"}],"curies":[{"name":"wp","href":"https:\/\/api.w.org\/{rel}","templated":true}]}}