{"id":371,"date":"2016-01-19T09:47:04","date_gmt":"2016-01-19T09:47:04","guid":{"rendered":"http:\/\/www.am-puls.ch\/wordpress\/?page_id=371"},"modified":"2024-10-07T09:00:44","modified_gmt":"2024-10-07T09:00:44","slug":"ohrenschmerzen","status":"publish","type":"page","link":"https:\/\/am-puls.ch\/index.php\/ohrenschmerzen\/","title":{"rendered":"Ohrenschmerzen"},"content":{"rendered":"<p><a href=\"\/index.php\/begleitmassnahmen-tipps\/\">&#8211;&gt; Zur\u00fcck zur Auswahl<\/a><\/p>\n<h1>Ohrenschmerzen<\/h1>\n<p>Gerade im akuten Stadium wirken Ohrenkompressen stark schmerzstillend und entz\u00fcndungshemmend.<\/p>\n<ul>\n<li><strong>Zwiebelwickel<\/strong>: Hacken oder schneiden Sie die enth\u00e4utete Zwiebel klein. Erw\u00e4rmen diese (z.B. auf dem Wasserbad) oder legen Sie bei Zimmertemperatur in den Innenwickel. Den Wickel auf dem betroffenen Ohr mit einem Stirnband fixieren. Der Wickel sollte ca. 4 cm hinter das Ohr reichen. Siehe auch: <a href=\"https:\/\/am-puls.ch\/index.php\/wickel\/\">Wickel<\/a>. Der Zwiebelwickel kann auch an den Hals gelegt werden. Dies f\u00f6rdert den Lymphabfluss.<\/li>\n<li><strong>Quarkwickel<\/strong>: Der Quarkwickel wird nicht direkt auf den Geh\u00f6rgang, sondern kalt hinter dem Ohr angebracht. Bitte nicht direkt auf die blanke Haut geben. Siehe auch: <a href=\"https:\/\/am-puls.ch\/index.php\/wickel\/\">Wickel<\/a><\/li>\n<li>In Gaze eingewickelte <strong>Knoblauchzehe<\/strong> vorsichtig in Geh\u00f6rgang legen (ein bis mehrere Stunden)<\/li>\n<li>Ohren vor Zugluft und K\u00e4lte sch\u00fctzen.<\/li>\n<li>Nase m\u00f6glichst frei halten (siehe <a href=\"https:\/\/am-puls.ch\/index.php\/schnupfen\/\">Schnupfen<\/a>).<\/li>\n<\/ul>\n<p>Bei akuten Schmerzen wirkt aus meiner Erfahrung das warme Zwiebels\u00e4ckchen am besten, es kann bei starken Schmerzen sobald es abgek\u00fchlt ist, st\u00e4ndig erneuert werden und nach ca. 1 Stunde sollten die Schmerzen deutlich besser oder vorbei sein. Ansonsten 2-3 t\u00e4glich.<\/p>\n","protected":false},"excerpt":{"rendered":"<p>&#8211;&gt; Zur\u00fcck zur Auswahl Ohrenschmerzen Gerade im akuten Stadium wirken Ohrenkompressen stark schmerzstillend und entz\u00fcndungshemmend. Zwiebelwickel: Hacken oder schneiden Sie die enth\u00e4utete Zwiebel klein. Erw\u00e4rmen diese (z.B. auf dem Wasserbad) oder legen Sie bei Zimmertemperatur in den Innenwickel. Den Wickel auf dem betroffenen Ohr mit einem Stirnband fixieren. Der Wickel sollte ca. 4 cm hinter &hellip; <a href=\"https:\/\/am-puls.ch\/index.php\/ohrenschmerzen\/\" class=\"more-link\"><span class=\"screen-reader-text\">Ohrenschmerzen<\/span> weiterlesen <span class=\"meta-nav\">&rarr;<\/span><\/a><\/p>\n","protected":false},"author":1,"featured_media":0,"parent":0,"menu_order":0,"comment_status":"closed","ping_status":"closed","template":"","meta":{"footnotes":""},"class_list":["post-371","page","type-page","status-publish","hentry"],"_links":{"self":[{"href":"https:\/\/am-puls.ch\/index.php\/wp-json\/wp\/v2\/pages\/371","targetHints":{"allow":["GET"]}}],"collection":[{"href":"https:\/\/am-puls.ch\/index.php\/wp-json\/wp\/v2\/pages"}],"about":[{"href":"https:\/\/am-puls.ch\/index.php\/wp-json\/wp\/v2\/types\/page"}],"author":[{"embeddable":true,"href":"https:\/\/am-puls.ch\/index.php\/wp-json\/wp\/v2\/users\/1"}],"replies":[{"embeddable":true,"href":"https:\/\/am-puls.ch\/index.php\/wp-json\/wp\/v2\/comments?post=371"}],"version-history":[{"count":4,"href":"https:\/\/am-puls.ch\/index.php\/wp-json\/wp\/v2\/pages\/371\/revisions"}],"predecessor-version":[{"id":1738,"href":"https:\/\/am-puls.ch\/index.php\/wp-json\/wp\/v2\/pages\/371\/revisions\/1738"}],"wp:attachment":[{"href":"https:\/\/am-puls.ch\/index.php\/wp-json\/wp\/v2\/media?parent=371"}],"curies":[{"name":"wp","href":"https:\/\/api.w.org\/{rel}","templated":true}]}}