{"id":369,"date":"2016-01-19T09:46:32","date_gmt":"2016-01-19T09:46:32","guid":{"rendered":"http:\/\/www.am-puls.ch\/wordpress\/?page_id=369"},"modified":"2024-10-07T08:29:16","modified_gmt":"2024-10-07T08:29:16","slug":"kommunikation-mit-kindern","status":"publish","type":"page","link":"https:\/\/am-puls.ch\/index.php\/kommunikation-mit-kindern\/","title":{"rendered":"Kommunikation mit Kindern"},"content":{"rendered":"<p><a href=\"\/index.php\/begleitmassnahmen-tipps\/\">&#8211;&gt; Zur\u00fcck zur Auswahl<\/a><\/p>\n<h1>Kommunikation mit Kindern<\/h1>\n<ul>\n<li>Ihre Kinder h\u00f6ren mehr als Sie denken. Aussagen, welche Ihre Kinder mith\u00f6ren, k\u00f6nnen diese Verletzen oder gar pr\u00e4gen. <b>Strahlen Sie deshalb positive Botschaften aus, wenn sie \u00fcber Ihr Kind sprechen.<\/b><\/li>\n<li><b>Achten Sie auf positive Formulierungen.<\/b> Auch mit positiven Formulierungen k\u00f6nnen Sie die Aufmerksamkeit eines Kindes auf das gew\u00fcnschte Thema lenken und gleichzeitig sein Selbstvertrauen st\u00e4rken.<\/li>\n<li><b>\u00c4ussern Sie Ihren \u00c4rger nicht durch Anschuldigungen<\/b>, sondern durch auf sich selbst bezogene Aussagen. Durch solche Ich-Botschaften k\u00f6nnen Sie Kritik \u00e4ussern, ohne das Kind zu verletzen, w\u00e4hrend Anschuldigungen kontraproduktiv wirken und das Kind genau auf die kritisierte Verhaltensweise programmiert.<\/li>\n<li><b>Vergleichen Sie Ihr Kind nicht mit anderen Personen,<\/b> sondern akzeptieren sie es als Einzigartig. Dies gibt dem Kind das Gef\u00fchl angenommen zu sein und steigert sein Selbstvertrauen.<\/li>\n<li>Lassen Sie beim Kind niemals Zweifel an Ihrer Liebe aufkommen und <b>sagen Sie ihm auch h\u00e4ufig, dass sie es lieben.<\/b> Insbesondere auch nach Konflikten.<\/li>\n<\/ul>\n","protected":false},"excerpt":{"rendered":"<p>&#8211;&gt; Zur\u00fcck zur Auswahl Kommunikation mit Kindern Ihre Kinder h\u00f6ren mehr als Sie denken. Aussagen, welche Ihre Kinder mith\u00f6ren, k\u00f6nnen diese Verletzen oder gar pr\u00e4gen. Strahlen Sie deshalb positive Botschaften aus, wenn sie \u00fcber Ihr Kind sprechen. Achten Sie auf positive Formulierungen. Auch mit positiven Formulierungen k\u00f6nnen Sie die Aufmerksamkeit eines Kindes auf das gew\u00fcnschte &hellip; <a href=\"https:\/\/am-puls.ch\/index.php\/kommunikation-mit-kindern\/\" class=\"more-link\"><span class=\"screen-reader-text\">Kommunikation mit Kindern<\/span> weiterlesen <span class=\"meta-nav\">&rarr;<\/span><\/a><\/p>\n","protected":false},"author":1,"featured_media":0,"parent":0,"menu_order":0,"comment_status":"closed","ping_status":"closed","template":"","meta":{"footnotes":""},"class_list":["post-369","page","type-page","status-publish","hentry"],"_links":{"self":[{"href":"https:\/\/am-puls.ch\/index.php\/wp-json\/wp\/v2\/pages\/369","targetHints":{"allow":["GET"]}}],"collection":[{"href":"https:\/\/am-puls.ch\/index.php\/wp-json\/wp\/v2\/pages"}],"about":[{"href":"https:\/\/am-puls.ch\/index.php\/wp-json\/wp\/v2\/types\/page"}],"author":[{"embeddable":true,"href":"https:\/\/am-puls.ch\/index.php\/wp-json\/wp\/v2\/users\/1"}],"replies":[{"embeddable":true,"href":"https:\/\/am-puls.ch\/index.php\/wp-json\/wp\/v2\/comments?post=369"}],"version-history":[{"count":3,"href":"https:\/\/am-puls.ch\/index.php\/wp-json\/wp\/v2\/pages\/369\/revisions"}],"predecessor-version":[{"id":1718,"href":"https:\/\/am-puls.ch\/index.php\/wp-json\/wp\/v2\/pages\/369\/revisions\/1718"}],"wp:attachment":[{"href":"https:\/\/am-puls.ch\/index.php\/wp-json\/wp\/v2\/media?parent=369"}],"curies":[{"name":"wp","href":"https:\/\/api.w.org\/{rel}","templated":true}]}}