{"id":367,"date":"2016-01-19T09:45:53","date_gmt":"2016-01-19T09:45:53","guid":{"rendered":"http:\/\/www.am-puls.ch\/wordpress\/?page_id=367"},"modified":"2024-10-07T08:27:10","modified_gmt":"2024-10-07T08:27:10","slug":"kommunikation","status":"publish","type":"page","link":"https:\/\/am-puls.ch\/index.php\/kommunikation\/","title":{"rendered":"Kommunikation"},"content":{"rendered":"<p><a href=\"\/index.php\/begleitmassnahmen-tipps\/\">&#8211;&gt; Zur\u00fcck zur Auswahl<\/a><\/p>\n<h1>Kommunikation<\/h1>\n<ul>\n<li><b>Sprechen ist besser als schweigen<\/b>. Erwarten Sie nicht, dass andere Ihre Gedanken lesen.<\/li>\n<li>Entwickeln Sie eine konstruktive Kultur des Streitens, bei der man auch Gef\u00fchle zeigen kann.<\/li>\n<li>Beschreiben Sie, statt zu bewerten. Vermeiden sie abwertende oder beschuldigende Kommentare.<\/li>\n<li>Sprechen Sie von sich selbst, statt die andere Person anzugreifen. Falls Sie die andere Person kritisieren, kommentieren Sie Ihr Verhalten und nicht Ihre Pers\u00f6nlichkeit.<\/li>\n<li>Vermeiden Sie Verallgemeinerungen: Immer, nie, alles, jedes Mal, usw. sind Killerw\u00f6rter!<\/li>\n<li>\u00c4ussern Sie W\u00fcnsche statt Kritik und begr\u00fcnden sie diese W\u00fcnsche.<\/li>\n<li>Beziehen Sie ein &#8222;Nein&#8220; auf die Sachebene und verstehen Sie es nicht als Ablehnung Ihrer Person.<\/li>\n<li>Fassen Sie zwischendurch zusammen, was sie meinen Verstanden zu haben. Dies beugt Missverst\u00e4ndnissen fr\u00fchzeitig vor.<\/li>\n<li>Zeigen Sie durch Fragen Interesse.<\/li>\n<li>Vermeiden Sie &#8222;Stimm-S\u00fcnden&#8220;: Zu lautes, leises, hohes, schrilles oder monotones Sprechen, so wie nuscheln, abgehacktes und gedehntes Sprechen.<\/li>\n<li><b>Seien sie wahrhaftig!<\/b><\/li>\n<\/ul>\n","protected":false},"excerpt":{"rendered":"<p>&#8211;&gt; Zur\u00fcck zur Auswahl Kommunikation Sprechen ist besser als schweigen. Erwarten Sie nicht, dass andere Ihre Gedanken lesen. Entwickeln Sie eine konstruktive Kultur des Streitens, bei der man auch Gef\u00fchle zeigen kann. Beschreiben Sie, statt zu bewerten. Vermeiden sie abwertende oder beschuldigende Kommentare. Sprechen Sie von sich selbst, statt die andere Person anzugreifen. Falls Sie &hellip; <a href=\"https:\/\/am-puls.ch\/index.php\/kommunikation\/\" class=\"more-link\"><span class=\"screen-reader-text\">Kommunikation<\/span> weiterlesen <span class=\"meta-nav\">&rarr;<\/span><\/a><\/p>\n","protected":false},"author":1,"featured_media":0,"parent":0,"menu_order":0,"comment_status":"closed","ping_status":"closed","template":"","meta":{"footnotes":""},"class_list":["post-367","page","type-page","status-publish","hentry"],"_links":{"self":[{"href":"https:\/\/am-puls.ch\/index.php\/wp-json\/wp\/v2\/pages\/367","targetHints":{"allow":["GET"]}}],"collection":[{"href":"https:\/\/am-puls.ch\/index.php\/wp-json\/wp\/v2\/pages"}],"about":[{"href":"https:\/\/am-puls.ch\/index.php\/wp-json\/wp\/v2\/types\/page"}],"author":[{"embeddable":true,"href":"https:\/\/am-puls.ch\/index.php\/wp-json\/wp\/v2\/users\/1"}],"replies":[{"embeddable":true,"href":"https:\/\/am-puls.ch\/index.php\/wp-json\/wp\/v2\/comments?post=367"}],"version-history":[{"count":3,"href":"https:\/\/am-puls.ch\/index.php\/wp-json\/wp\/v2\/pages\/367\/revisions"}],"predecessor-version":[{"id":1717,"href":"https:\/\/am-puls.ch\/index.php\/wp-json\/wp\/v2\/pages\/367\/revisions\/1717"}],"wp:attachment":[{"href":"https:\/\/am-puls.ch\/index.php\/wp-json\/wp\/v2\/media?parent=367"}],"curies":[{"name":"wp","href":"https:\/\/api.w.org\/{rel}","templated":true}]}}