{"id":365,"date":"2016-01-19T09:44:53","date_gmt":"2016-01-19T09:44:53","guid":{"rendered":"http:\/\/www.am-puls.ch\/wordpress\/?page_id=365"},"modified":"2024-10-07T08:22:36","modified_gmt":"2024-10-07T08:22:36","slug":"insektenstiche","status":"publish","type":"page","link":"https:\/\/am-puls.ch\/index.php\/insektenstiche\/","title":{"rendered":"Bienenstiche"},"content":{"rendered":"<p><a href=\"\/index.php\/begleitmassnahmen-tipps\/\">&#8211;&gt; Zur\u00fcck zur Auswahl<\/a><\/p>\n<h1>Bienenstiche<\/h1>\n<ul>\n<li>Entfernen Sie raschm\u00f6glichst den Stachel. Achten Sie darauf, dass sie den Stachel unterhalb der Giftblase zu fassen bekommen. Dr\u00fccken Sie n\u00e4mlich bei der Stachelentnahme auf die Blase, gelangt alles Gift in die Einstichstelle. Am besten eignet sich daf\u00fcr eine Pinzette.<\/li>\n<li>K\u00f6rperteil m\u00f6glichst ruhig stellen.<\/li>\n<li>Zuckerw\u00fcrfel auf einer Seite leicht nass machen. Trockene Seite auf die Einstichstelle legen. Durch die Ausbreitung der Fl\u00fcssigkeit wird das Gift aus der Einstichstelle gesogen<\/li>\n<li>Erw\u00e4rmen Sie einen metallischen Gegenstand (z.B. einen Teel\u00f6ffel) in heissem Wasser oder dr\u00fccken Sie direkt die heisse Tasse auf den m\u00f6glichst noch frischen Stich. Achtung: gut heiss aber nicht zu heiss wegen Verbrennungsgefahr. Wiederholen sie den Vorgang f\u00fcr einige Minuten. Hitze ab 40 Grad zerst\u00f6rt das Eiweiss im Bienengift. So wird der Juckreiz genommen und die Schwellung minimiert.<\/li>\n<li>K\u00fchlen des betroffenen K\u00f6rperteils: Durch K\u00e4lte ziehen sich die Blutgef\u00e4sse zusammen und das Gift kann sich weniger gut ausbreiten.<\/li>\n<li>Zwiebel halbieren und mindestens 10 Minuten auf die Einstichstelle dr\u00fccken. Enzyme der Zwiebel neutralisieren das Gift. Gleichzeitig wirkt die Zwiebel desinfizierend und k\u00fchlend.<\/li>\n<li>Ist man in der Natur unterwegs hilft das \u00fcberall vorkommende \u201eUnkraut\u201c Spitz- oder Breitwegerich. Seine Bl\u00e4tter haben im zerdr\u00fcckten oder zerkauten Zustand eine \u00e4hnliche Wirkung wie die Zwiebel.<\/li>\n<li>Befindet sich der Bienenstich im Bereich der Atemwege ist Vorsicht geboten. Nehmen sie sofort Apis ein. Mit K\u00fchlung durch Lutschen von Eisw\u00fcrfeln oder Speiseeis k\u00f6nnen sie die Schwellung m\u00f6glichst klein halten. Sollte Atemnot auftreten, konsultieren sie einen Arzt.<\/li>\n<li>Bei allergischer Reaktion (rasche Ausbreitung der R\u00f6tung, Atemnot, \u00dcbelkeit, Erbrechen, Schwindel, kalter Schweiss, Herzrasen, Kreislaufbeschwerden) sollten Sie, falls in Griffn\u00e4he, Apis mellifica verabreichen und sich sofort an einen Arzt wenden.<\/li>\n<\/ul>\n","protected":false},"excerpt":{"rendered":"<p>&#8211;&gt; Zur\u00fcck zur Auswahl Bienenstiche Entfernen Sie raschm\u00f6glichst den Stachel. Achten Sie darauf, dass sie den Stachel unterhalb der Giftblase zu fassen bekommen. Dr\u00fccken Sie n\u00e4mlich bei der Stachelentnahme auf die Blase, gelangt alles Gift in die Einstichstelle. Am besten eignet sich daf\u00fcr eine Pinzette. K\u00f6rperteil m\u00f6glichst ruhig stellen. Zuckerw\u00fcrfel auf einer Seite leicht nass &hellip; <a href=\"https:\/\/am-puls.ch\/index.php\/insektenstiche\/\" class=\"more-link\"><span class=\"screen-reader-text\">Bienenstiche<\/span> weiterlesen <span class=\"meta-nav\">&rarr;<\/span><\/a><\/p>\n","protected":false},"author":1,"featured_media":0,"parent":0,"menu_order":0,"comment_status":"closed","ping_status":"closed","template":"","meta":{"footnotes":""},"class_list":["post-365","page","type-page","status-publish","hentry"],"_links":{"self":[{"href":"https:\/\/am-puls.ch\/index.php\/wp-json\/wp\/v2\/pages\/365","targetHints":{"allow":["GET"]}}],"collection":[{"href":"https:\/\/am-puls.ch\/index.php\/wp-json\/wp\/v2\/pages"}],"about":[{"href":"https:\/\/am-puls.ch\/index.php\/wp-json\/wp\/v2\/types\/page"}],"author":[{"embeddable":true,"href":"https:\/\/am-puls.ch\/index.php\/wp-json\/wp\/v2\/users\/1"}],"replies":[{"embeddable":true,"href":"https:\/\/am-puls.ch\/index.php\/wp-json\/wp\/v2\/comments?post=365"}],"version-history":[{"count":5,"href":"https:\/\/am-puls.ch\/index.php\/wp-json\/wp\/v2\/pages\/365\/revisions"}],"predecessor-version":[{"id":1716,"href":"https:\/\/am-puls.ch\/index.php\/wp-json\/wp\/v2\/pages\/365\/revisions\/1716"}],"wp:attachment":[{"href":"https:\/\/am-puls.ch\/index.php\/wp-json\/wp\/v2\/media?parent=365"}],"curies":[{"name":"wp","href":"https:\/\/api.w.org\/{rel}","templated":true}]}}