{"id":361,"date":"2016-01-19T09:43:37","date_gmt":"2016-01-19T09:43:37","guid":{"rendered":"http:\/\/www.am-puls.ch\/wordpress\/?page_id=361"},"modified":"2024-10-07T08:12:49","modified_gmt":"2024-10-07T08:12:49","slug":"heuschnupfen","status":"publish","type":"page","link":"https:\/\/am-puls.ch\/index.php\/heuschnupfen\/","title":{"rendered":"Heuschnupfen"},"content":{"rendered":"<p><a href=\"\/index.php\/begleitmassnahmen-tipps\/\">&#8211;&gt; Zur\u00fcck zur Auswahl<\/a><\/p>\n<h1>Heuschnupfen<\/h1>\n<h2><b>Allgemeine Massnahmen bei Heuschnupfen<\/b><\/h2>\n<ul>\n<li>H\u00e4ufiges Duschen und Haarewaschen (Pollenentfernung).<\/li>\n<li>Kleider im Haus trocknen lassen.<\/li>\n<\/ul>\n<h2><b>Geschwollene, juckende, entz\u00fcndete Augen<\/b><\/h2>\n<ul>\n<li>Im Freien Sonnenbrille tragen.<\/li>\n<li>Augen mit kaltem Wasser sp\u00fclen (Augen offen).<\/li>\n<li>Kalten Quark in Gaze geh\u00fcllt auf die geschlossenen Augen legen.<\/li>\n<li>1 EL einer frisch geraffelten biologischen Kartoffel 15 Minuten auf die geschlossenen Augen auflegen, nachher mit Wasser abwaschen Leinsamenp\u00e4ckchen auf die geschlossenen Augen auflegen, je nach Bed\u00fcrfnis warm oder kalt. Leinsamen in wenig Wasser zu einem Brei erhitzen, in Gaze geben, auf gew\u00fcnschte Temperatur abk\u00fchlen.<\/li>\n<li>\u201ek\u00fcnstliche Tr\u00e4nen\u201c (Tr\u00e4nenersatzaugentropfen, erh\u00e4ltlich in Drogerien\/Apotheken) zum Auswaschen.<\/li>\n<li>Kaltgepresstes Oliven\u00f6l auf Lid einmassieren (entspannt).<\/li>\n<li>Tees zum Auswaschen: Augentrosttee, Fencheltee, Schwarztee (ist austrocknend): 1 TL Tee in eine Tasse geben, mit siedendem Wasser \u00fcbergiessen, 5-10 Minuten ziehen lassen, absieben, auf K\u00f6rpertemperatur abk\u00fchlen lassen, in kleines Glas f\u00fcllen (Weisswein-, Schnapsglas), offene Augen damit sp\u00fclen.<\/li>\n<\/ul>\n<h2><b>Juckende, gereizte Nase<\/b><\/h2>\n<ul>\n<li>Nasentropfen aus physiologischer Kochsalz- oder Meersalzl\u00f6sung mehrmals in die Nase tr\u00e4ufeln<\/li>\n<li>Nasensp\u00fclungen mit Meersalzl\u00f6sung<\/li>\n<\/ul>\n","protected":false},"excerpt":{"rendered":"<p>&#8211;&gt; Zur\u00fcck zur Auswahl Heuschnupfen Allgemeine Massnahmen bei Heuschnupfen H\u00e4ufiges Duschen und Haarewaschen (Pollenentfernung). Kleider im Haus trocknen lassen. Geschwollene, juckende, entz\u00fcndete Augen Im Freien Sonnenbrille tragen. Augen mit kaltem Wasser sp\u00fclen (Augen offen). Kalten Quark in Gaze geh\u00fcllt auf die geschlossenen Augen legen. 1 EL einer frisch geraffelten biologischen Kartoffel 15 Minuten auf die &hellip; <a href=\"https:\/\/am-puls.ch\/index.php\/heuschnupfen\/\" class=\"more-link\"><span class=\"screen-reader-text\">Heuschnupfen<\/span> weiterlesen <span class=\"meta-nav\">&rarr;<\/span><\/a><\/p>\n","protected":false},"author":1,"featured_media":0,"parent":0,"menu_order":0,"comment_status":"closed","ping_status":"closed","template":"","meta":{"footnotes":""},"class_list":["post-361","page","type-page","status-publish","hentry"],"_links":{"self":[{"href":"https:\/\/am-puls.ch\/index.php\/wp-json\/wp\/v2\/pages\/361","targetHints":{"allow":["GET"]}}],"collection":[{"href":"https:\/\/am-puls.ch\/index.php\/wp-json\/wp\/v2\/pages"}],"about":[{"href":"https:\/\/am-puls.ch\/index.php\/wp-json\/wp\/v2\/types\/page"}],"author":[{"embeddable":true,"href":"https:\/\/am-puls.ch\/index.php\/wp-json\/wp\/v2\/users\/1"}],"replies":[{"embeddable":true,"href":"https:\/\/am-puls.ch\/index.php\/wp-json\/wp\/v2\/comments?post=361"}],"version-history":[{"count":3,"href":"https:\/\/am-puls.ch\/index.php\/wp-json\/wp\/v2\/pages\/361\/revisions"}],"predecessor-version":[{"id":1708,"href":"https:\/\/am-puls.ch\/index.php\/wp-json\/wp\/v2\/pages\/361\/revisions\/1708"}],"wp:attachment":[{"href":"https:\/\/am-puls.ch\/index.php\/wp-json\/wp\/v2\/media?parent=361"}],"curies":[{"name":"wp","href":"https:\/\/api.w.org\/{rel}","templated":true}]}}