{"id":357,"date":"2016-01-19T09:25:15","date_gmt":"2016-01-19T09:25:15","guid":{"rendered":"http:\/\/www.am-puls.ch\/wordpress\/?page_id=357"},"modified":"2024-10-07T08:08:01","modified_gmt":"2024-10-07T08:08:01","slug":"hauterkrankungen","status":"publish","type":"page","link":"https:\/\/am-puls.ch\/index.php\/hauterkrankungen\/","title":{"rendered":"Hauterkrankungen"},"content":{"rendered":"<p><a href=\"begleitmassnahmen-tipps\/\">&#8211;&gt; Zur\u00fcck zur Auswahl<\/a><\/p>\n<h1>Hauterkrankungen<\/h1>\n<p>Die Haut ist das gr\u00f6sste Ausscheidungsorgan des Menschen. Toxische und belastende Stoffe werden durch die Haut ausgeschieden, was zu Hautreaktionen f\u00fchren kann. Behandeln Sie Hautsymptome nicht symptomatisch (Kortisonhaltige Salben, Pilzsalben, zinkhaltige Salben, hom\u00f6opathische Salben). Symptomatische Behandlungen unterdr\u00fccken die Hautsymptome, die Krankheit wandert nach Innen und kann so ernsthafte Krankheiten wie z.B. <a href=\"https:\/\/am-puls.ch\/index.php\/asthma\/\">Asthma<\/a> ausl\u00f6sen.<\/p>\n<p>Sind sie bereits in hom\u00f6opathischer Behandlung k\u00f6nnen Hautausschl\u00e4ge als Mittelreaktion entstehen. Diese nie symptomatisch behandeln! Der Hautausschlag ist ein wichtiger Teil des Heilungsprozesses. Durch symptomatische Behandlung kann der Heilungsprozess gestoppt werden.<\/p>\n<h3><b>Folgende Begleitmassnahmen haben keine unterdr\u00fcckende Wirkung<\/b><\/h3>\n<h4><b>Allgemein<\/b><\/h4>\n<ul>\n<li>Wenn m\u00f6glich nichts machen. Wenn sie die Haut in Ruhe lassen, verhindern sie eine oft unn\u00f6tige zus\u00e4tzliche Reizung.<\/li>\n<li>Keine synthetische W\u00e4sche tragen, meist wird auch Wolle nicht gut vertragen.<\/li>\n<li>Meiden von tierischem Eiweiss, Weissmehl und S\u00fcssigkeiten (S\u00e4urebildner), ev. Milch und Milchprodukte \u00fcber mindestens ein halbes Jahr weglassen.<\/li>\n<li>Auf frische, naturbelassene Ern\u00e4hrung achten (Konservierungs-, Zusatz-, und k\u00fcnstliche Stoffe vermeiden).<\/li>\n<li>M\u00f6glichst wenig Seife verwenden, keine Fl\u00fcssigseife, pH neutral.<\/li>\n<li>Ev. W\u00e4sche mit Essig nachsp\u00fclen, keine Weichsp\u00fcler.<\/li>\n<li>Mandel\u00f6lsalbe, Kokos\u00f6lsalbe zum Einreiben (ohne medizinische Zusatzstoffe).<\/li>\n<\/ul>\n<h4><b>Juckreiz<\/b><\/h4>\n<ul>\n<li>Unguentum leniens Salbe einreiben, hat eine k\u00fchlende Wirkung.<\/li>\n<li>Waschungen oder B\u00e4der mit basischem Badesalz (ohne Zink! z.B. Basebad von Jentschura) siehe auch unter basisches <a href=\"basisches-badesalz\/\">Badesalz.<\/a><\/li>\n<li>Waschungen mit verd\u00fcnntem Speiseessig (1El auf 2 l) oder mit verd\u00fcnntem Molkosan (2 Tl auf ein Glas).<\/li>\n<li>Oliven\u00f6l rein, oder 1 El in einem Glas Milch verr\u00fchren und einreiben.<\/li>\n<\/ul>\n<h4><b>N\u00e4ssende Hautausschl\u00e4ge<\/b><\/h4>\n<ul>\n<li>N\u00e4ssende Haut verlangt feuchte Anwendungen.<\/li>\n<li>Mit 1%-iger Kochsalzl\u00f6sung abwaschen, ev. mit Calendula-Zusatz.<\/li>\n<li>Lehmwickel.<\/li>\n<\/ul>\n<h4><b>Akne<\/b><\/h4>\n<ul>\n<li>siehe unter <a href=\"https:\/\/am-puls.ch\/index.php\/akne\/\">Akne<\/a><\/li>\n<\/ul>\n<h4><b>Herpes labialis (Fieberbl\u00e4schen)<\/b><\/h4>\n<ul>\n<li>siehe unter <a href=\"https:\/\/am-puls.ch\/index.php\/herpes-labialis-fieberblasen\/\">Herpes labialis<\/a><\/li>\n<\/ul>\n","protected":false},"excerpt":{"rendered":"<p>&#8211;&gt; Zur\u00fcck zur Auswahl Hauterkrankungen Die Haut ist das gr\u00f6sste Ausscheidungsorgan des Menschen. Toxische und belastende Stoffe werden durch die Haut ausgeschieden, was zu Hautreaktionen f\u00fchren kann. Behandeln Sie Hautsymptome nicht symptomatisch (Kortisonhaltige Salben, Pilzsalben, zinkhaltige Salben, hom\u00f6opathische Salben). Symptomatische Behandlungen unterdr\u00fccken die Hautsymptome, die Krankheit wandert nach Innen und kann so ernsthafte Krankheiten wie &hellip; <a href=\"https:\/\/am-puls.ch\/index.php\/hauterkrankungen\/\" class=\"more-link\"><span class=\"screen-reader-text\">Hauterkrankungen<\/span> weiterlesen <span class=\"meta-nav\">&rarr;<\/span><\/a><\/p>\n","protected":false},"author":1,"featured_media":0,"parent":0,"menu_order":0,"comment_status":"closed","ping_status":"closed","template":"","meta":{"footnotes":""},"class_list":["post-357","page","type-page","status-publish","hentry"],"_links":{"self":[{"href":"https:\/\/am-puls.ch\/index.php\/wp-json\/wp\/v2\/pages\/357","targetHints":{"allow":["GET"]}}],"collection":[{"href":"https:\/\/am-puls.ch\/index.php\/wp-json\/wp\/v2\/pages"}],"about":[{"href":"https:\/\/am-puls.ch\/index.php\/wp-json\/wp\/v2\/types\/page"}],"author":[{"embeddable":true,"href":"https:\/\/am-puls.ch\/index.php\/wp-json\/wp\/v2\/users\/1"}],"replies":[{"embeddable":true,"href":"https:\/\/am-puls.ch\/index.php\/wp-json\/wp\/v2\/comments?post=357"}],"version-history":[{"count":4,"href":"https:\/\/am-puls.ch\/index.php\/wp-json\/wp\/v2\/pages\/357\/revisions"}],"predecessor-version":[{"id":1702,"href":"https:\/\/am-puls.ch\/index.php\/wp-json\/wp\/v2\/pages\/357\/revisions\/1702"}],"wp:attachment":[{"href":"https:\/\/am-puls.ch\/index.php\/wp-json\/wp\/v2\/media?parent=357"}],"curies":[{"name":"wp","href":"https:\/\/api.w.org\/{rel}","templated":true}]}}