{"id":349,"date":"2016-01-19T08:39:54","date_gmt":"2016-01-19T08:39:54","guid":{"rendered":"http:\/\/www.am-puls.ch\/wordpress\/?page_id=349"},"modified":"2024-09-30T15:12:34","modified_gmt":"2024-09-30T15:12:34","slug":"349-2","status":"publish","type":"page","link":"https:\/\/am-puls.ch\/index.php\/349-2\/","title":{"rendered":"Fieber"},"content":{"rendered":"<p><a href=\"\/index.php\/begleitmassnahmen-tipps\/\">&#8211;&gt; Zur\u00fcck zur Auswahl<\/a><\/p>\n<h1>Fieber<\/h1>\n<p>Fieber ist meistens eine Heilreaktion des Organismus und sollte, wenn m\u00f6glich nicht gesenkt werden. Ist das Fieber zu hoch oder dem Patienten geht es schlecht, kann das Fieber schrittweise gesenkt werden.<\/p>\n<h2><b>Allgemeine Massnahmen bei Fieber:<\/b><\/h2>\n<ol>\n<li>Bettruhe<\/li>\n<li>viel trinken (Wasser, Lindenbl\u00fcten-, Hagenbutten-, Holunderbl\u00fctentee), bei starkem Schwitzen Bouillon wegen Salzverlust<\/li>\n<li>auf guten Stuhlgang achten, ev. Einlauf<\/li>\n<\/ol>\n<h2><b>Essigwickel<\/b><\/h2>\n<p>Anwendung nur, wenn die F\u00fcsse warm sind!<\/p>\n<p>Auf 1l kaltes Wasser ca. 3 Essl\u00f6ffel Speiseessig geben, 2 T\u00fccher darin n\u00e4ssen, um F\u00fcsse und Waden legen, Socken dr\u00fcberziehen, wechseln, wenn die T\u00fccher warm sind oder nach 10 Minuten. Wickel wiederholen wenn die F\u00fcsse wieder warm sind. Nach 2-4 Wickeln ist das Hauptziel erreicht: der Patient f\u00fchlt sich wohler (auch wenn die Temperatur nicht gesunken ist). Temperatur nicht mehr als 1 Grad senken!<\/p>\n","protected":false},"excerpt":{"rendered":"<p>&#8211;&gt; Zur\u00fcck zur Auswahl Fieber Fieber ist meistens eine Heilreaktion des Organismus und sollte, wenn m\u00f6glich nicht gesenkt werden. Ist das Fieber zu hoch oder dem Patienten geht es schlecht, kann das Fieber schrittweise gesenkt werden. Allgemeine Massnahmen bei Fieber: Bettruhe viel trinken (Wasser, Lindenbl\u00fcten-, Hagenbutten-, Holunderbl\u00fctentee), bei starkem Schwitzen Bouillon wegen Salzverlust auf guten &hellip; <a href=\"https:\/\/am-puls.ch\/index.php\/349-2\/\" class=\"more-link\"><span class=\"screen-reader-text\">Fieber<\/span> weiterlesen <span class=\"meta-nav\">&rarr;<\/span><\/a><\/p>\n","protected":false},"author":1,"featured_media":0,"parent":0,"menu_order":0,"comment_status":"closed","ping_status":"closed","template":"","meta":{"footnotes":""},"class_list":["post-349","page","type-page","status-publish","hentry"],"_links":{"self":[{"href":"https:\/\/am-puls.ch\/index.php\/wp-json\/wp\/v2\/pages\/349","targetHints":{"allow":["GET"]}}],"collection":[{"href":"https:\/\/am-puls.ch\/index.php\/wp-json\/wp\/v2\/pages"}],"about":[{"href":"https:\/\/am-puls.ch\/index.php\/wp-json\/wp\/v2\/types\/page"}],"author":[{"embeddable":true,"href":"https:\/\/am-puls.ch\/index.php\/wp-json\/wp\/v2\/users\/1"}],"replies":[{"embeddable":true,"href":"https:\/\/am-puls.ch\/index.php\/wp-json\/wp\/v2\/comments?post=349"}],"version-history":[{"count":3,"href":"https:\/\/am-puls.ch\/index.php\/wp-json\/wp\/v2\/pages\/349\/revisions"}],"predecessor-version":[{"id":1689,"href":"https:\/\/am-puls.ch\/index.php\/wp-json\/wp\/v2\/pages\/349\/revisions\/1689"}],"wp:attachment":[{"href":"https:\/\/am-puls.ch\/index.php\/wp-json\/wp\/v2\/media?parent=349"}],"curies":[{"name":"wp","href":"https:\/\/api.w.org\/{rel}","templated":true}]}}