{"id":345,"date":"2016-01-19T08:36:25","date_gmt":"2016-01-19T08:36:25","guid":{"rendered":"http:\/\/www.am-puls.ch\/wordpress\/?page_id=345"},"modified":"2025-09-30T08:54:19","modified_gmt":"2025-09-30T08:54:19","slug":"blasenentzundung","status":"publish","type":"page","link":"https:\/\/am-puls.ch\/index.php\/blasenentzundung\/","title":{"rendered":"Blasenentz\u00fcndung"},"content":{"rendered":"<p><a href=\"\/index.php\/begleitmassnahmen-tipps\/\">&#8211;&gt; Zur\u00fcck zur Auswahl<\/a><\/p>\n<h1>Blasenentz\u00fcndung<\/h1>\n<h2><b>Blasenentz\u00fcndung Vorbeugend<\/b><\/h2>\n<ul>\n<li>Intimhygiene: von vorne nach hinten wischen<\/li>\n<li>Intimpflege: regelm\u00e4ssiges Waschen mit Wasser, nicht zu h\u00e4ufig mit Seife, keine parf\u00fcmierten oder desinfizierenden Hygieneartikel benutzen, keine synthetische Unterw\u00e4sche verwenden<\/li>\n<li>Entleeren der Blase nach Geschlechtsverkehr<\/li>\n<li>Besonders in der kalten Jahreszeit gilt: Niere, Blase und F\u00fcsse warm halten<\/li>\n<li>gen\u00fcgend trinken<\/li>\n<\/ul>\n<h2><b>Begleitmassnahmen bei einer Blasenentz\u00fcndung<\/b><\/h2>\n<ul>\n<li>Viel trinken : ca. 2-3 Liter pro Tag damit die Harnwege gut durchsp\u00fclt werden<\/li>\n<li>So oft wie n\u00f6tig aufs WC gehen, nicht verkneifen, die Blase vollst\u00e4ndig entleeren (genug Zeit lassen)<\/li>\n<li>Schleimhautreizende Getr\u00e4nke vermeiden wie Alkohol, Kaffee, Schwarztee, Zitronensaft, stark ges\u00fcsste Getr\u00e4nke<\/li>\n<li>F\u00fcsse und Nierengegend warm halten, Tipp: Rohwollekissen f\u00fcr Niere verwenden<\/li>\n<li>Warmes Sitzbad mit Meersalz, Calendula-Tinktur oder Zinnkraut<\/li>\n<li>Am Abend Cassissaft zum Ans\u00e4uern<\/li>\n<li>Tees:\u00a0Solidago (Goldruten Tee),\u00a0Hagenbutentee, Brennesseltee, B\u00e4rentraubentee: 2 Teel\u00f6ffel getrocknete Bl\u00e4tter mit einer Tasse kaltem Wasser \u00fcbergiessen, 6-12 Stunden stehen lassen, dann angew\u00e4rmt trinken, maximal 2-3 Tassen t\u00e4glich, Extraktum fluidum Uvae Ursi (fl\u00fcssiges Extrakt aus B\u00e4rentraubenbl\u00e4tter in Apotheken erh\u00e4ltlich) 3&#215;20 Tropfen t\u00e4glich f\u00fcr max. 7 Tage, B\u00e4rentraube ist nicht in der Schwangerschaft und nicht f\u00fcr Kinder geeignet<\/li>\n<li>Preiselbeersaft<\/li>\n<li>Wickel: Heublumens\u00e4cke oder Kartoffelwickel auf Nieren- und Blasenregion (Anwendung siehe unter <a href=\"https:\/\/am-puls.ch\/index.php\/wickel\/\">Wickel<\/a>)<\/li>\n<\/ul>\n","protected":false},"excerpt":{"rendered":"<p>&#8211;&gt; Zur\u00fcck zur Auswahl Blasenentz\u00fcndung Blasenentz\u00fcndung Vorbeugend Intimhygiene: von vorne nach hinten wischen Intimpflege: regelm\u00e4ssiges Waschen mit Wasser, nicht zu h\u00e4ufig mit Seife, keine parf\u00fcmierten oder desinfizierenden Hygieneartikel benutzen, keine synthetische Unterw\u00e4sche verwenden Entleeren der Blase nach Geschlechtsverkehr Besonders in der kalten Jahreszeit gilt: Niere, Blase und F\u00fcsse warm halten gen\u00fcgend trinken Begleitmassnahmen bei einer &hellip; <a href=\"https:\/\/am-puls.ch\/index.php\/blasenentzundung\/\" class=\"more-link\"><span class=\"screen-reader-text\">Blasenentz\u00fcndung<\/span> weiterlesen <span class=\"meta-nav\">&rarr;<\/span><\/a><\/p>\n","protected":false},"author":1,"featured_media":0,"parent":0,"menu_order":0,"comment_status":"closed","ping_status":"closed","template":"","meta":{"footnotes":""},"class_list":["post-345","page","type-page","status-publish","hentry"],"_links":{"self":[{"href":"https:\/\/am-puls.ch\/index.php\/wp-json\/wp\/v2\/pages\/345","targetHints":{"allow":["GET"]}}],"collection":[{"href":"https:\/\/am-puls.ch\/index.php\/wp-json\/wp\/v2\/pages"}],"about":[{"href":"https:\/\/am-puls.ch\/index.php\/wp-json\/wp\/v2\/types\/page"}],"author":[{"embeddable":true,"href":"https:\/\/am-puls.ch\/index.php\/wp-json\/wp\/v2\/users\/1"}],"replies":[{"embeddable":true,"href":"https:\/\/am-puls.ch\/index.php\/wp-json\/wp\/v2\/comments?post=345"}],"version-history":[{"count":8,"href":"https:\/\/am-puls.ch\/index.php\/wp-json\/wp\/v2\/pages\/345\/revisions"}],"predecessor-version":[{"id":1682,"href":"https:\/\/am-puls.ch\/index.php\/wp-json\/wp\/v2\/pages\/345\/revisions\/1682"}],"wp:attachment":[{"href":"https:\/\/am-puls.ch\/index.php\/wp-json\/wp\/v2\/media?parent=345"}],"curies":[{"name":"wp","href":"https:\/\/api.w.org\/{rel}","templated":true}]}}