{"id":343,"date":"2016-01-19T08:35:45","date_gmt":"2016-01-19T08:35:45","guid":{"rendered":"http:\/\/www.am-puls.ch\/wordpress\/?page_id=343"},"modified":"2024-09-30T14:59:18","modified_gmt":"2024-09-30T14:59:18","slug":"bewegungsapparat","status":"publish","type":"page","link":"https:\/\/am-puls.ch\/index.php\/bewegungsapparat\/","title":{"rendered":"Bewegungsapparat"},"content":{"rendered":"<p><a href=\"\/index.php\/begleitmassnahmen-tipps\/\">&#8211;&gt; Zur\u00fcck zur Auswahl<\/a><\/p>\n<h1>Bewegungsapparat<\/h1>\n<ol>\n<li><b>S\u00e4ure-\/ Basehaushalt<\/b><br \/>\nEin \u00dcbermass an S\u00e4uren ver\u00e4tzt unsere Zellen, Gewebe und Organe, unsere Gelenke und Knochen. Oft wird diese \u00dcbers\u00e4uerung von entz\u00fcndlichen Prozessen begleitet. Unser Organismus neutralisiert die S\u00e4uren mit Mineralstoffen zu Neutralsalzen. \u00dcberwiegt in der Ern\u00e4hrung die Zufuhr von S\u00e4uren, funktioniert die k\u00f6rpereigene Ents\u00e4uerung nicht mehr.<br \/>\n<b>Ern\u00e4hrung:<\/b> Ein ausgeglichener S\u00e4ure\/Base Haushalt beginnt mit der Ern\u00e4hrung. Fleischprodukte, S\u00fcsswaren, Zucker, Softdrinks, Weissmehlprodukte, Kaffee, Schwarztee und Alkohol sind S\u00e4urebildner. Reis ist ein neutrales Nahrungsmittel. Kartoffeln und Gem\u00fcse sind basisch. Motto: S\u00e4urebildner meiden, Basebildner bevorzugen!<br \/>\n<b>Basebad:<\/b> durch <a href=\"https:\/\/am-puls.ch\/index.php\/basisches-badesalz\/\">basische B\u00e4der<\/a> kann dem K\u00f6rper S\u00e4ure entzogen werden (z.B. basisches Badesalz von Jentschura)<br \/>\nMineralhaltige Pr\u00e4parate (z.B. Wurzelkraft von Jentschura) helfen dem K\u00f6rper Neutralsalze zu bilden.<\/li>\n<li><b>Bewegung und Muskelaufbau:<\/b> Bewegung ist die beste Prophylaxe. Leiden sie bereits unter rheumatischen Beschwerden ist regelm\u00e4ssige Bewegung trotzdem wichtig. Sie k\u00f6nnen so Gelenkversteifungen verhindern und Muskulatur und Knochen st\u00e4rken. Gelenkschonende Sportarten sind zum Beispiel Schwimmen, Velofahren, Aquagymnastik, Tanzen oder Walking. Oft ist auch ein gezielter Muskelaufbau wichtig um Gelenke zu entlasten oder Beschwerden vorzubeugen (z.B. R\u00fcckenmuskulatur Aufbau bei R\u00fcckenbeschwerden)<\/li>\n<li><b>Wickel: <\/b>zur Schmerzlinderung. Ob w\u00e4rmende oder k\u00fchlende Wickel besser sind, sp\u00fcren Sie selbst am besten.<br \/>\nK\u00fchlend: Quarkwickel, Lehmwickel, Kohlwickel<br \/>\nW\u00e4rmend: Kartoffelwickel, Heublumenwickel, Lehmwickel (Anwendung siehe unter <a href=\"https:\/\/am-puls.ch\/index.php\/wickel\/\">Wickel<\/a>)<\/li>\n<li>Wallwurzsalbe bei Gelenkbeschwerden oder Muskelverspannungen<\/li>\n<li>Gratisbrosch\u00fcren oder Tipps zu verschiedenen Themen wie z.B. Ergonomie am Arbeitsplatz oder R\u00fcckenbeschwerden finden Sie unter <a href=\"http:\/\/www.rheumaliga.ch\">www.rheumaliga.ch<\/a><\/li>\n<\/ol>\n","protected":false},"excerpt":{"rendered":"<p>&#8211;&gt; Zur\u00fcck zur Auswahl Bewegungsapparat S\u00e4ure-\/ Basehaushalt Ein \u00dcbermass an S\u00e4uren ver\u00e4tzt unsere Zellen, Gewebe und Organe, unsere Gelenke und Knochen. Oft wird diese \u00dcbers\u00e4uerung von entz\u00fcndlichen Prozessen begleitet. Unser Organismus neutralisiert die S\u00e4uren mit Mineralstoffen zu Neutralsalzen. \u00dcberwiegt in der Ern\u00e4hrung die Zufuhr von S\u00e4uren, funktioniert die k\u00f6rpereigene Ents\u00e4uerung nicht mehr. Ern\u00e4hrung: Ein ausgeglichener &hellip; <a href=\"https:\/\/am-puls.ch\/index.php\/bewegungsapparat\/\" class=\"more-link\"><span class=\"screen-reader-text\">Bewegungsapparat<\/span> weiterlesen <span class=\"meta-nav\">&rarr;<\/span><\/a><\/p>\n","protected":false},"author":1,"featured_media":0,"parent":0,"menu_order":0,"comment_status":"closed","ping_status":"closed","template":"","meta":{"footnotes":""},"class_list":["post-343","page","type-page","status-publish","hentry"],"_links":{"self":[{"href":"https:\/\/am-puls.ch\/index.php\/wp-json\/wp\/v2\/pages\/343","targetHints":{"allow":["GET"]}}],"collection":[{"href":"https:\/\/am-puls.ch\/index.php\/wp-json\/wp\/v2\/pages"}],"about":[{"href":"https:\/\/am-puls.ch\/index.php\/wp-json\/wp\/v2\/types\/page"}],"author":[{"embeddable":true,"href":"https:\/\/am-puls.ch\/index.php\/wp-json\/wp\/v2\/users\/1"}],"replies":[{"embeddable":true,"href":"https:\/\/am-puls.ch\/index.php\/wp-json\/wp\/v2\/comments?post=343"}],"version-history":[{"count":5,"href":"https:\/\/am-puls.ch\/index.php\/wp-json\/wp\/v2\/pages\/343\/revisions"}],"predecessor-version":[{"id":1680,"href":"https:\/\/am-puls.ch\/index.php\/wp-json\/wp\/v2\/pages\/343\/revisions\/1680"}],"wp:attachment":[{"href":"https:\/\/am-puls.ch\/index.php\/wp-json\/wp\/v2\/media?parent=343"}],"curies":[{"name":"wp","href":"https:\/\/api.w.org\/{rel}","templated":true}]}}