{"id":341,"date":"2016-01-19T08:35:11","date_gmt":"2016-01-19T08:35:11","guid":{"rendered":"http:\/\/www.am-puls.ch\/wordpress\/?page_id=341"},"modified":"2024-09-30T12:50:24","modified_gmt":"2024-09-30T12:50:24","slug":"basisches-badesalz","status":"publish","type":"page","link":"https:\/\/am-puls.ch\/index.php\/basisches-badesalz\/","title":{"rendered":"Basisches Badesalz"},"content":{"rendered":"<p><a href=\"\/index.php\/begleitmassnahmen-tipps\/\">&#8211;&gt; Zur\u00fcck zur Auswahl<\/a><\/p>\n<h1>Basisches Badesalz<\/h1>\n<p><b>Eine ideale Erg\u00e4nzung zur hom\u00f6opathischen Behandlung<\/b><\/p>\n<p>Durch unsere Lebens- und Ern\u00e4hrungsgewohnheiten fallen \u00fcberm\u00e4ssig viele S\u00e4uren an:<\/p>\n<ol>\n<li>Fleisch: Harns\u00e4ure<\/li>\n<li>S\u00fcsswaren, Zucker, Weissmehlprodukte: Essigs\u00e4ure<\/li>\n<li>Softdrinks: Phosphors\u00e4ure<\/li>\n<li>Kaffee, Schwarztee, Rotwein: Gerbs\u00e4ure<\/li>\n<li>k\u00f6rperliche \u00dcberanstrengung: Milchs\u00e4ure<\/li>\n<li>Stress, \u00c4rger: Salzs\u00e4ure<\/li>\n<\/ol>\n<p>Aus dieser \u00dcbers\u00e4uerung entstehen drei Zivilisationskrankheiten:<\/p>\n<p><strong>1. Struktursch\u00e4den<\/strong><br \/>\nEin \u00dcbermass an S\u00e4uren ver\u00e4tzt unsere Zellen, unser Gewebe und unsere Organe. Dadurch werden Entz\u00fcndungen gef\u00f6rdert wie z.B. <b>Mandelentz\u00fcndungen, Magenschleimhautent-z\u00fcndungen, Gelenkentz\u00fcndungen.<\/b><\/p>\n<p><strong>2. Ausscheidungssch\u00e4den<\/strong><br \/>\nSind die Nieren und der Darm mit der Ausscheidung von S\u00e4uren \u00fcberfordert, kommt die Haut als unser gr\u00f6sstes Ausscheidungsorgan vermehrt zum Einsatz. Diese zus\u00e4tzliche S\u00e4ureausscheidung beg\u00fcnstigt <b>K\u00f6rpergeruch, Schwitzen, Pickel, Akne, Ekzeme, Furunkel, Neurodermitis, Schuppenflechte<\/b> und <b>Allergien<\/b>. Ein saures Milieu ist auch ein idealer N\u00e4hrboden f\u00fcr Pilze wie, <b>Haut- , Nagel-, Darm- und Scheidepilz<\/b><\/p>\n<p><strong>3. Ablagerungen &#8211; Schlacken<\/strong><br \/>\nAlle S\u00e4uren, die nicht \u00fcber die oben genannten Organe ausgeschieden werden k\u00f6nnen, verbinden sich mit Mineralstoffen (<b>Mineralstoffverlust<\/b>) zu neutralen Salzen, die sich gebunden an Wasser und Fett als Schlacken ablagern. Diese Ablagerungen k\u00f6nnen zu <b>Cellulite, Gicht (Harns\u00e4ureablagerung), Rheuma, Gallen-, Nieren- und Blasensteine, Lipome<\/b> und <b>Fibrome<\/b> f\u00fchren.<\/p>\n<p>Diese Beschwerden (<b>fett<\/b>) k\u00f6nnen hom\u00f6opathisch behandelt werden. Die Anwendung von basischem Badesalz ist eine ideale Erg\u00e4nzung zur hom\u00f6opathischen Therapie.<\/p>\n<h2><b>Anwendung<\/b><\/h2>\n<h3>Basisches Vollbad<\/h3>\n<p>Die Haut ist die Hilfsniere des K\u00f6rpers. Mit einem basichen Vollbad nutzen Sie diese Funktion. 2-3 Essl\u00f6ffel Basesalz in das Badewasser geben. 30-60 Minuten baden.<\/p>\n<h3>Basische Fuss- und Armb\u00e4der<\/h3>\n<p>Fuss- und Armb\u00e4der k\u00f6nnen warm oder als Wechselb\u00e4der angewendet werden. Ein kaltes Fussbad vor dem Zubettgehen kann die Schlafqualit\u00e4t steigern. Auch der Fuss hat die Funktion einer Hilfsniere.<br \/>\nEinen gestrichenen Essl\u00f6ffel in eine Fussbadewanne geben und 30-60 Minuten baden.<\/p>\n<h3>Basische Salzwickel<\/h3>\n<p>Einen Teel\u00f6ffel Basesalz in 2 dl warmes Wasser geben. Auf die gew\u00fcnschte K\u00f6rperstelle auflegen, warm und trocken abdecken. Kann als Stirn-, Hals-, Waden- und Leberwickel angewendet werden (bei Entz\u00fcndungen und Schmerzen, oder bei Hautunreinheiten)<\/p>\n<h3>Basische Mund- und Nasensp\u00fclungen<\/h3>\n<p>Eine Messerspitze Basesalz in 1-2 dl Wasser geben.<\/p>\n<h3>Basische Inhalation<\/h3>\n<p>Nehmen Sie auf 1.5- 2 Liter kochendes Wasser einen Teel\u00f6ffel Basesalz. Inhalieren Sie bei Bedarf 2-3 Mal pro Tag f\u00fcr jeweils ungef\u00e4hr 3 Minuten.<\/p>\n<h3>Grunds\u00e4tzliche Empfehlungen<\/h3>\n<ol>\n<li>mindestens 30, besser 45-60 Minuten baden<\/li>\n<li>zwischendurch mit Waschlappen oder B\u00fcrste abreiben<\/li>\n<li>bei Krampfadern in niedrigeren Temperaturen (K\u00f6rpertemperatur) baden<\/li>\n<li>1-2 Vollb\u00e4der und 3-4 Fussb\u00e4der pro Woche<\/li>\n<\/ol>\n","protected":false},"excerpt":{"rendered":"<p>&#8211;&gt; Zur\u00fcck zur Auswahl Basisches Badesalz Eine ideale Erg\u00e4nzung zur hom\u00f6opathischen Behandlung Durch unsere Lebens- und Ern\u00e4hrungsgewohnheiten fallen \u00fcberm\u00e4ssig viele S\u00e4uren an: Fleisch: Harns\u00e4ure S\u00fcsswaren, Zucker, Weissmehlprodukte: Essigs\u00e4ure Softdrinks: Phosphors\u00e4ure Kaffee, Schwarztee, Rotwein: Gerbs\u00e4ure k\u00f6rperliche \u00dcberanstrengung: Milchs\u00e4ure Stress, \u00c4rger: Salzs\u00e4ure Aus dieser \u00dcbers\u00e4uerung entstehen drei Zivilisationskrankheiten: 1. Struktursch\u00e4den Ein \u00dcbermass an S\u00e4uren ver\u00e4tzt unsere Zellen, &hellip; <a href=\"https:\/\/am-puls.ch\/index.php\/basisches-badesalz\/\" class=\"more-link\"><span class=\"screen-reader-text\">Basisches Badesalz<\/span> weiterlesen <span class=\"meta-nav\">&rarr;<\/span><\/a><\/p>\n","protected":false},"author":1,"featured_media":0,"parent":0,"menu_order":0,"comment_status":"closed","ping_status":"closed","template":"","meta":{"footnotes":""},"class_list":["post-341","page","type-page","status-publish","hentry"],"_links":{"self":[{"href":"https:\/\/am-puls.ch\/index.php\/wp-json\/wp\/v2\/pages\/341","targetHints":{"allow":["GET"]}}],"collection":[{"href":"https:\/\/am-puls.ch\/index.php\/wp-json\/wp\/v2\/pages"}],"about":[{"href":"https:\/\/am-puls.ch\/index.php\/wp-json\/wp\/v2\/types\/page"}],"author":[{"embeddable":true,"href":"https:\/\/am-puls.ch\/index.php\/wp-json\/wp\/v2\/users\/1"}],"replies":[{"embeddable":true,"href":"https:\/\/am-puls.ch\/index.php\/wp-json\/wp\/v2\/comments?post=341"}],"version-history":[{"count":3,"href":"https:\/\/am-puls.ch\/index.php\/wp-json\/wp\/v2\/pages\/341\/revisions"}],"predecessor-version":[{"id":1676,"href":"https:\/\/am-puls.ch\/index.php\/wp-json\/wp\/v2\/pages\/341\/revisions\/1676"}],"wp:attachment":[{"href":"https:\/\/am-puls.ch\/index.php\/wp-json\/wp\/v2\/media?parent=341"}],"curies":[{"name":"wp","href":"https:\/\/api.w.org\/{rel}","templated":true}]}}