{"id":339,"date":"2016-01-19T08:29:15","date_gmt":"2016-01-19T08:29:15","guid":{"rendered":"http:\/\/www.am-puls.ch\/wordpress\/?page_id=339"},"modified":"2024-09-30T12:46:09","modified_gmt":"2024-09-30T12:46:09","slug":"augenerkrankungen","status":"publish","type":"page","link":"https:\/\/am-puls.ch\/index.php\/augenerkrankungen\/","title":{"rendered":"Augenerkrankungen"},"content":{"rendered":"<p><a href=\"\/index.php\/begleitmassnahmen-tipps\/\">&#8211;&gt; Zur\u00fcck zur Auswahl<\/a><\/p>\n<h1>Augenerkrankungen<\/h1>\n<h2><b>Juckreiz, m\u00fcde Augen<\/b><\/h2>\n<p><strong>Kompressen:<\/strong><\/p>\n<ol>\n<li>Kalten Quark in Gaze geh\u00fcllt auf die geschlossenen Augen legen (wirkt k\u00fchlend, abschwellend, entz\u00fcndungshemmend, durchblutungsf\u00f6rdernd, schmerzlindernd)<\/li>\n<li>1 EL einer frisch geraffelten biologischen Kartoffel 15 Minuten auf die geschlossenen Augen auflegen, nachher mit Wasser abwaschen<\/li>\n<li>Leinsamenp\u00e4ckchen auf die geschlossenen Augen auflegen, je nach Bed\u00fcrfnis warm oder kalt (wirkt erw\u00e4rmend\/k\u00fchlend, schleiml\u00f6send, schmerzlindernd) Leinsamen in wenig Wasser zu einem Brei erhitzen, in Gaze geben, auf gew\u00fcnschte Temperatur abk\u00fchlen<\/li>\n<\/ol>\n<h2><b>Augenentz\u00fcndung<\/b><\/h2>\n<ol>\n<li>\u201ek\u00fcnstliche Tr\u00e4nen\u201c (Tr\u00e4nenersatzaugentropfen, erh\u00e4ltlich in Drogerien\/Apotheken) zum Auswaschen<\/li>\n<li>Tees zum Auswaschen: Augentrosttee, Fencheltee, Schwarztee (ist austrocknend): 1 TL Tee in eine Tasse geben, mit siedendem Wasser \u00fcbergiessen, 5-10 Minuten ziehen lassen, absieben, auf K\u00f6rpertemperatur abk\u00fchlen lassen, in kleines Glas f\u00fcllen (Weisswein-, Schnapsglas), offene Augen damit sp\u00fclen<\/li>\n<li>kaltgepresstes Oliven\u00f6l auf Lid einmassieren (entspannt)<\/li>\n<li>bei S\u00e4uglingen: verklebtes Auge mit abgekochtem Wasser (abgek\u00fchlt auf K\u00f6rpertemperatur) oder \u201ek\u00fcnstlichen Tr\u00e4nen\u201c auswaschen, danach einige Tropfen Muttermilch ins betroffene Auge geben<\/li>\n<\/ol>\n<h2><b>Fremdk\u00f6rper im Auge<\/b><\/h2>\n<ol>\n<li>mit viel Wasser Auge Richtung Nase auswaschen<\/li>\n<li>kann der Fremdk\u00f6rper so nicht entfernt werden, Arzt konsultieren<\/li>\n<\/ol>\n","protected":false},"excerpt":{"rendered":"<p>&#8211;&gt; Zur\u00fcck zur Auswahl Augenerkrankungen Juckreiz, m\u00fcde Augen Kompressen: Kalten Quark in Gaze geh\u00fcllt auf die geschlossenen Augen legen (wirkt k\u00fchlend, abschwellend, entz\u00fcndungshemmend, durchblutungsf\u00f6rdernd, schmerzlindernd) 1 EL einer frisch geraffelten biologischen Kartoffel 15 Minuten auf die geschlossenen Augen auflegen, nachher mit Wasser abwaschen Leinsamenp\u00e4ckchen auf die geschlossenen Augen auflegen, je nach Bed\u00fcrfnis warm oder kalt &hellip; <a href=\"https:\/\/am-puls.ch\/index.php\/augenerkrankungen\/\" class=\"more-link\"><span class=\"screen-reader-text\">Augenerkrankungen<\/span> weiterlesen <span class=\"meta-nav\">&rarr;<\/span><\/a><\/p>\n","protected":false},"author":1,"featured_media":0,"parent":0,"menu_order":0,"comment_status":"closed","ping_status":"closed","template":"","meta":{"footnotes":""},"class_list":["post-339","page","type-page","status-publish","hentry"],"_links":{"self":[{"href":"https:\/\/am-puls.ch\/index.php\/wp-json\/wp\/v2\/pages\/339","targetHints":{"allow":["GET"]}}],"collection":[{"href":"https:\/\/am-puls.ch\/index.php\/wp-json\/wp\/v2\/pages"}],"about":[{"href":"https:\/\/am-puls.ch\/index.php\/wp-json\/wp\/v2\/types\/page"}],"author":[{"embeddable":true,"href":"https:\/\/am-puls.ch\/index.php\/wp-json\/wp\/v2\/users\/1"}],"replies":[{"embeddable":true,"href":"https:\/\/am-puls.ch\/index.php\/wp-json\/wp\/v2\/comments?post=339"}],"version-history":[{"count":3,"href":"https:\/\/am-puls.ch\/index.php\/wp-json\/wp\/v2\/pages\/339\/revisions"}],"predecessor-version":[{"id":1674,"href":"https:\/\/am-puls.ch\/index.php\/wp-json\/wp\/v2\/pages\/339\/revisions\/1674"}],"wp:attachment":[{"href":"https:\/\/am-puls.ch\/index.php\/wp-json\/wp\/v2\/media?parent=339"}],"curies":[{"name":"wp","href":"https:\/\/api.w.org\/{rel}","templated":true}]}}