{"id":28,"date":"2015-11-03T17:52:12","date_gmt":"2015-11-03T17:52:12","guid":{"rendered":"http:\/\/www.am-puls.ch\/wordpress\/?page_id=28"},"modified":"2024-10-07T17:55:32","modified_gmt":"2024-10-07T17:55:32","slug":"homoopathie","status":"publish","type":"page","link":"https:\/\/am-puls.ch\/index.php\/homoopathie\/","title":{"rendered":"Hom\u00f6opathie"},"content":{"rendered":"<h1>Hom\u00f6opathie<\/h1>\n<p>Die Hom\u00f6opathie ber\u00fchrt das Innerste eines jeden Menschen: die Lebenskraft. Ist diese intakt, so ist der Mensch in Harmonie, er ist gesund. Krankheit ist der Ausdruck einer gest\u00f6rten Lebenskraft.<\/p>\n<h3>Krankheit als Ausdruck innerer Disharmonie<\/h3>\n<p>Krankheit ist also nicht das Problem selber, sie ist nur das Resultat einer inneren Ver\u00e4nderung, die zur Disharmonie f\u00fchrt. Dass die Hom\u00f6opathie auf dieser inneren Ebene, also an der Wurzel, ansetzt und den ganzen Menschen in seiner Individualit\u00e4t behandelt, hat mich \u00fcberzeugt.<\/p>\n<h3>Inspiration durch pers\u00f6nliche Erfahrungen<\/h3>\n<p>Ausschlaggebend f\u00fcr meine Entscheidung, diesen komplexen und faszinierenden Beruf zu erlernen und auszu\u00fcben, waren die erfolgreichen hom\u00f6opathischen Behandlungen meiner Familie.<\/p>\n<p>Es freut mich, dass sie sich mit dieser ganzheitlichen, nat\u00fcrlichen und wirkungsvollen Heilmethode auseinandersetzen.<\/p>\n<p>Gerne begleite ich Sie mit Hilfe der Hom\u00f6opathie auf einem St\u00fcck Ihres Lebensweges.<\/p>\n<p>Ruth Hunziker<br \/>\nHom\u00f6opathische Praxis, Winterthur<\/p>\n","protected":false},"excerpt":{"rendered":"<p>Hom\u00f6opathie Die Hom\u00f6opathie ber\u00fchrt das Innerste eines jeden Menschen: die Lebenskraft. Ist diese intakt, so ist der Mensch in Harmonie, er ist gesund. Krankheit ist der Ausdruck einer gest\u00f6rten Lebenskraft. Krankheit als Ausdruck innerer Disharmonie Krankheit ist also nicht das Problem selber, sie ist nur das Resultat einer inneren Ver\u00e4nderung, die zur Disharmonie f\u00fchrt. Dass &hellip; <a href=\"https:\/\/am-puls.ch\/index.php\/homoopathie\/\" class=\"more-link\"><span class=\"screen-reader-text\">Hom\u00f6opathie<\/span> weiterlesen <span class=\"meta-nav\">&rarr;<\/span><\/a><\/p>\n","protected":false},"author":1,"featured_media":0,"parent":0,"menu_order":3,"comment_status":"closed","ping_status":"closed","template":"","meta":{"footnotes":""},"class_list":["post-28","page","type-page","status-publish","hentry"],"_links":{"self":[{"href":"https:\/\/am-puls.ch\/index.php\/wp-json\/wp\/v2\/pages\/28","targetHints":{"allow":["GET"]}}],"collection":[{"href":"https:\/\/am-puls.ch\/index.php\/wp-json\/wp\/v2\/pages"}],"about":[{"href":"https:\/\/am-puls.ch\/index.php\/wp-json\/wp\/v2\/types\/page"}],"author":[{"embeddable":true,"href":"https:\/\/am-puls.ch\/index.php\/wp-json\/wp\/v2\/users\/1"}],"replies":[{"embeddable":true,"href":"https:\/\/am-puls.ch\/index.php\/wp-json\/wp\/v2\/comments?post=28"}],"version-history":[{"count":4,"href":"https:\/\/am-puls.ch\/index.php\/wp-json\/wp\/v2\/pages\/28\/revisions"}],"predecessor-version":[{"id":1783,"href":"https:\/\/am-puls.ch\/index.php\/wp-json\/wp\/v2\/pages\/28\/revisions\/1783"}],"wp:attachment":[{"href":"https:\/\/am-puls.ch\/index.php\/wp-json\/wp\/v2\/media?parent=28"}],"curies":[{"name":"wp","href":"https:\/\/api.w.org\/{rel}","templated":true}]}}