{"id":1314,"date":"2019-03-15T15:55:18","date_gmt":"2019-03-15T15:55:18","guid":{"rendered":"https:\/\/am-puls.ch\/?page_id=1314"},"modified":"2024-10-07T08:30:32","modified_gmt":"2024-10-07T08:30:32","slug":"krampfadern","status":"publish","type":"page","link":"https:\/\/am-puls.ch\/index.php\/krampfadern\/","title":{"rendered":"Krampfadern"},"content":{"rendered":"\n<p><a href=\"\/index.php\/begleitmassnahmen-tipps\/\">&#8211;&gt; Zur\u00fcck zur Auswahl<\/a><\/p>\n\n\n\n<h1 class=\"wp-block-heading\">Krampfadern<\/h1>\n\n\n\n<ul class=\"wp-block-list\">\n<li>Bewegung, Treppenlaufen, nicht zu lange sitzen, immer wieder aufstehen und umhergehen<\/li>\n\n\n\n<li>Beine wiederholt hochlagern<\/li>\n\n\n\n<li>im Wechsel kalt und warm Beine abduschen<\/li>\n\n\n\n<li>Rosskastanientinktur<\/li>\n\n\n\n<li>Essigsaure-Tonerde auflegen<\/li>\n\n\n\n<li>Flugreise zur Vorbeugung: 30 ml Weissdorntinktur, je 20 ml Rosskastanien-, M\u00e4usedorn- und Schafgarbentinktur in Drogerie mischen lassen, 1 Woche vor Abflug 20 Tr pro Tag, w\u00e4hrend Flug 10 Tr  pro Stunde verd\u00fcnnt in Wasser einnehmen<\/li>\n<\/ul>\n","protected":false},"excerpt":{"rendered":"<p>&#8211;&gt; Zur\u00fcck zur Auswahl Krampfadern<\/p>\n","protected":false},"author":2,"featured_media":0,"parent":0,"menu_order":0,"comment_status":"closed","ping_status":"closed","template":"","meta":{"footnotes":""},"class_list":["post-1314","page","type-page","status-publish","hentry"],"_links":{"self":[{"href":"https:\/\/am-puls.ch\/index.php\/wp-json\/wp\/v2\/pages\/1314","targetHints":{"allow":["GET"]}}],"collection":[{"href":"https:\/\/am-puls.ch\/index.php\/wp-json\/wp\/v2\/pages"}],"about":[{"href":"https:\/\/am-puls.ch\/index.php\/wp-json\/wp\/v2\/types\/page"}],"author":[{"embeddable":true,"href":"https:\/\/am-puls.ch\/index.php\/wp-json\/wp\/v2\/users\/2"}],"replies":[{"embeddable":true,"href":"https:\/\/am-puls.ch\/index.php\/wp-json\/wp\/v2\/comments?post=1314"}],"version-history":[{"count":5,"href":"https:\/\/am-puls.ch\/index.php\/wp-json\/wp\/v2\/pages\/1314\/revisions"}],"predecessor-version":[{"id":1719,"href":"https:\/\/am-puls.ch\/index.php\/wp-json\/wp\/v2\/pages\/1314\/revisions\/1719"}],"wp:attachment":[{"href":"https:\/\/am-puls.ch\/index.php\/wp-json\/wp\/v2\/media?parent=1314"}],"curies":[{"name":"wp","href":"https:\/\/api.w.org\/{rel}","templated":true}]}}