{"id":1095,"date":"2016-09-01T21:12:16","date_gmt":"2016-09-01T21:12:16","guid":{"rendered":"http:\/\/am-puls.ch\/?page_id=1095"},"modified":"2024-10-07T08:33:16","modified_gmt":"2024-10-07T08:33:16","slug":"mens-beschwerden","status":"publish","type":"page","link":"https:\/\/am-puls.ch\/index.php\/mens-beschwerden\/","title":{"rendered":"Mens-Beschwerden"},"content":{"rendered":"<h1>Mens-Beschwerden<\/h1>\n<ul>\n<li><strong>Alles was entspann<\/strong>t: W\u00e4rmeflasche, ein Bad, Wickel, Massage, Atemtherapie, Yoga, Tai chi, Autogenes Training, Ruhe usw.<\/li>\n<li><strong>Tees:<\/strong> Frauenmantel, Schafsgarbe, Melisse, weisse Taubnessel, G\u00e4nsefingerkraut, Frauenmantelkraut, am Besten lassen Sie sich eine Mischung mit je 10g der einzelnen Kr\u00e4uter zusammenstellen.<\/li>\n<li><strong>Tinkturen:<\/strong> Mischung aus je 20 ml Pestwurz, Schafgarbe, G\u00e4nsefingerkraut, Melisse, Dosierung: 3-5x t\u00e4glich 15-25 Tropfen in wenig Wasser vor dem Essen einnehmen, oder Ceres Tinkturen: Allchemilla Urtinktur (Frauenmantel) oder Millefolium Urtinktur (Schafgarbe), sie k\u00f6nnen die beiden Urtinkturen auch mischen, Dosierung: 3-5x t\u00e4glich 1-5 Tropfen in wenig Wasser 30 Min. vor oder nach dem Essen einnehmen.<\/li>\n<li><strong>Kupfersalbe:<\/strong> Kupfer macht das Gewebe weich und wirkt krampfl\u00f6send, Produkte: Kupfersalbe rot (Wala), Cuprum metallicum praeparatum Salbe (Weleda).<\/li>\n<li><strong>Sport:<\/strong>\u00a0f\u00f6rdert die Durchblutung und kann schmerzlindernd wirken, machen sie das was ihnen gut tut sei das ein Spaziergang, Joggen oder Gymnastik.<\/li>\n<li><strong>Ern\u00e4hrung: M<\/strong>agnesium- und kalziumreiche Kost (Bananen, D\u00f6rrobst, N\u00fcsse, Weizenkeime).<\/li>\n<\/ul>\n","protected":false},"excerpt":{"rendered":"<p>Mens-Beschwerden Alles was entspannt: W\u00e4rmeflasche, ein Bad, Wickel, Massage, Atemtherapie, Yoga, Tai chi, Autogenes Training, Ruhe usw. Tees: Frauenmantel, Schafsgarbe, Melisse, weisse Taubnessel, G\u00e4nsefingerkraut, Frauenmantelkraut, am Besten lassen Sie sich eine Mischung mit je 10g der einzelnen Kr\u00e4uter zusammenstellen. Tinkturen: Mischung aus je 20 ml Pestwurz, Schafgarbe, G\u00e4nsefingerkraut, Melisse, Dosierung: 3-5x t\u00e4glich 15-25 Tropfen in &hellip; <a href=\"https:\/\/am-puls.ch\/index.php\/mens-beschwerden\/\" class=\"more-link\"><span class=\"screen-reader-text\">Mens-Beschwerden<\/span> weiterlesen <span class=\"meta-nav\">&rarr;<\/span><\/a><\/p>\n","protected":false},"author":3,"featured_media":0,"parent":0,"menu_order":0,"comment_status":"closed","ping_status":"closed","template":"","meta":{"footnotes":""},"class_list":["post-1095","page","type-page","status-publish","hentry"],"_links":{"self":[{"href":"https:\/\/am-puls.ch\/index.php\/wp-json\/wp\/v2\/pages\/1095","targetHints":{"allow":["GET"]}}],"collection":[{"href":"https:\/\/am-puls.ch\/index.php\/wp-json\/wp\/v2\/pages"}],"about":[{"href":"https:\/\/am-puls.ch\/index.php\/wp-json\/wp\/v2\/types\/page"}],"author":[{"embeddable":true,"href":"https:\/\/am-puls.ch\/index.php\/wp-json\/wp\/v2\/users\/3"}],"replies":[{"embeddable":true,"href":"https:\/\/am-puls.ch\/index.php\/wp-json\/wp\/v2\/comments?post=1095"}],"version-history":[{"count":5,"href":"https:\/\/am-puls.ch\/index.php\/wp-json\/wp\/v2\/pages\/1095\/revisions"}],"predecessor-version":[{"id":1722,"href":"https:\/\/am-puls.ch\/index.php\/wp-json\/wp\/v2\/pages\/1095\/revisions\/1722"}],"wp:attachment":[{"href":"https:\/\/am-puls.ch\/index.php\/wp-json\/wp\/v2\/media?parent=1095"}],"curies":[{"name":"wp","href":"https:\/\/api.w.org\/{rel}","templated":true}]}}